{"id":4622,"date":"2023-03-26T09:58:17","date_gmt":"2023-03-26T09:58:17","guid":{"rendered":"https:\/\/aione.it\/il-podere\/"},"modified":"2025-02-06T09:49:35","modified_gmt":"2025-02-06T09:49:35","slug":"der-agrotourismus","status":"publish","type":"page","link":"https:\/\/aione.it\/de\/der-agrotourismus\/","title":{"rendered":"Der Agrotourismus"},"content":{"rendered":"\t\t<div data-elementor-type=\"wp-page\" data-elementor-id=\"4622\" class=\"elementor elementor-4622 elementor-2351\">\n\t\t\t\t\t\t<section class=\"elementor-section elementor-top-section elementor-element elementor-element-3c933659 elementor-section-height-min-height cs-section-content-fullwidth cs-parallax-on-scroll cs_scroll_y_100 elementor-section-boxed elementor-section-height-default elementor-section-items-middle\" data-id=\"3c933659\" data-element_type=\"section\" data-settings=\"{&quot;background_background&quot;:&quot;classic&quot;}\" data-cs-parallax-y=\"100\" style=\"background-image: none;\" data-cs-background-image=\"https:\/\/aione.it\/wp-content\/uploads\/2024\/12\/Aione_veranda_tramonto_1.jpg\" data-cs-background-image-alt-text=\"\">\n\t\t\t\t\t\t\t<div class=\"elementor-background-overlay\"><\/div>\n\t\t\t\t\t\t\t<div class=\"elementor-container elementor-column-gap-no\">\n\t\t\t\t\t<div class=\"elementor-column elementor-col-100 elementor-top-column elementor-element elementor-element-d2134d7 dark-color\" data-id=\"d2134d7\" data-element_type=\"column\">\n\t\t\t<div class=\"elementor-widget-wrap elementor-element-populated\">\n\t\t\t\t\t\t<div class=\"elementor-element elementor-element-4a477e9d elementor-widget elementor-widget-cs_title\" data-id=\"4a477e9d\" data-element_type=\"widget\" data-widget_type=\"cs_title.default\">\n\t\t\t\t<div class=\"elementor-widget-container\">\n\t\t\t\t\t\n        <div class=\"cs-title-wrap text-center\">\t            <h1 class=\"cs-title\">\n\t                Der Agrotourismus Aione\t            <\/h1>\t            <div class=\"cs-title-text\">\n\t                <p>Toskanische Tradition im Herzen der Maremma<\/p>\t            <\/div>        <\/div>\t\t\t\t<\/div>\n\t\t\t\t<\/div>\n\t\t\t\t\t<\/div>\n\t\t<\/div>\n\t\t\t\t\t<\/div>\n\t\t<\/section>\n\t\t\t\t<section class=\"elementor-section elementor-top-section elementor-element elementor-element-fbb8c9d cs-section-content-fullwidth elementor-section-boxed elementor-section-height-default elementor-section-height-default\" data-id=\"fbb8c9d\" data-element_type=\"section\" data-settings=\"{&quot;background_background&quot;:&quot;classic&quot;}\">\n\t\t\t\t\t\t<div class=\"elementor-container elementor-column-gap-no\">\n\t\t\t\t\t<div class=\"elementor-column elementor-col-50 elementor-top-column elementor-element elementor-element-55dbd45\" data-id=\"55dbd45\" data-element_type=\"column\">\n\t\t\t<div class=\"elementor-widget-wrap elementor-element-populated\">\n\t\t\t\t\t\t<div class=\"elementor-element elementor-element-b1354c9 elementor-widget__width-initial elementor-widget elementor-widget-cs_title\" data-id=\"b1354c9\" data-element_type=\"widget\" data-widget_type=\"cs_title.default\">\n\t\t\t\t<div class=\"elementor-widget-container\">\n\t\t\t\t\t\n        <div class=\"cs-title-wrap text-left\">\t            <div class=\"cs-subtitle-wrap\"><span class=\"cs-subtitle\">Unser Agrotourismus<\/span><\/div>\t            <h1 class=\"cs-title\">\n\t                Wo  die Natur der Gastfreundschaft unserer Gegend begegnet.\t            <\/h1>\t            <div class=\"cs-title-text\">\n\t                <p>Aione entsteht aus dem Wunsch einer Familie einen besonderen Ort zu finden, um wichtige Ereignisse gemeinsam zu feiern. Es ging uns um Ruhe und Entspannung. Und heute m\u00f6chten wir dies mit anderen teilen.<\/p>\t            <\/div>        <\/div>\t\t\t\t<\/div>\n\t\t\t\t<\/div>\n\t\t\t\t<div class=\"elementor-element elementor-element-d463318 elementor-align-left elementor-mobile-align-left elementor-widget elementor-widget-cs_button\" data-id=\"d463318\" data-element_type=\"widget\" data-widget_type=\"cs_button.default\">\n\t\t\t\t<div class=\"elementor-widget-container\">\n\t\t\t\t\t        <a href=\"https:\/\/aione.it\/de\/die-zimmer\/\" title=\"le nostre camere\" class=\"elementor-button-link button\" role=\"button\">\n            <span class=\"cs-btn-text\">Entdecken Sie die Zimmer<\/span>        <\/a>\t\t\t\t<\/div>\n\t\t\t\t<\/div>\n\t\t\t\t\t<\/div>\n\t\t<\/div>\n\t\t\t\t<div class=\"elementor-column elementor-col-50 elementor-top-column elementor-element elementor-element-3a715ee elementor-hidden-tablet elementor-hidden-mobile\" data-id=\"3a715ee\" data-element_type=\"column\" data-settings=\"{&quot;background_background&quot;:&quot;classic&quot;}\">\n\t\t\t<div class=\"elementor-widget-wrap\">\n\t\t\t\t\t\t\t<\/div>\n\t\t<\/div>\n\t\t\t\t\t<\/div>\n\t\t<\/section>\n\t\t\t\t<section class=\"elementor-section elementor-top-section elementor-element elementor-element-45164b8 cs-section-content-fullwidth cs_scroll_y_120 cs-parallax-on-scroll elementor-section-height-min-height elementor-section-boxed elementor-section-height-default elementor-section-items-middle\" data-id=\"45164b8\" data-element_type=\"section\" data-settings=\"{&quot;background_background&quot;:&quot;classic&quot;}\" data-cs-parallax-y=\"120\" style=\"background-image: none;\" data-cs-background-image=\"https:\/\/aione.it\/wp-content\/uploads\/2024\/12\/aione-e-dintorni_2.jpg\" data-cs-background-image-alt-text=\"\">\n\t\t\t\t\t\t\t<div class=\"elementor-background-overlay\"><\/div>\n\t\t\t\t\t\t\t<div class=\"elementor-container elementor-column-gap-no\">\n\t\t\t\t\t<div class=\"elementor-column elementor-col-100 elementor-top-column elementor-element elementor-element-0556c92 dark-color elementor-hidden-tablet elementor-hidden-mobile\" data-id=\"0556c92\" data-element_type=\"column\" data-settings=\"{&quot;background_background&quot;:&quot;classic&quot;}\">\n\t\t\t<div class=\"elementor-widget-wrap elementor-element-populated\">\n\t\t\t\t\t<div class=\"elementor-background-overlay\"><\/div>\n\t\t\t\t\t\t<div class=\"elementor-element elementor-element-58c18c3 elementor-widget elementor-widget-cs_title\" data-id=\"58c18c3\" data-element_type=\"widget\" data-widget_type=\"cs_title.default\">\n\t\t\t\t<div class=\"elementor-widget-container\">\n\t\t\t\t\t\n        <div class=\"cs-title-wrap text-center\">\t            <div class=\"cs-subtitle-wrap\"><span class=\"cs-subtitle color-white\">Verf\u00fcgbarkeit pr\u00fcfen<\/span><\/div>\t            <h3 class=\"cs-title\">\n\t                Buchen Sie zum besten garantierten Preis\t            <\/h3>        <\/div>\t\t\t\t<\/div>\n\t\t\t\t<\/div>\n\t\t\t\t<div class=\"elementor-element elementor-element-5454a2c elementor-widget elementor-widget-html\" data-id=\"5454a2c\" data-element_type=\"widget\" data-widget_type=\"html.default\">\n\t\t\t\t<div class=\"elementor-widget-container\">\n\t\t\t\t\t<div id=\"sb-container\"><\/div>\t\t\t\t<\/div>\n\t\t\t\t<\/div>\n\t\t\t\t\t<\/div>\n\t\t<\/div>\n\t\t\t\t\t<\/div>\n\t\t<\/section>\n\t\t\t\t<section class=\"elementor-section elementor-top-section elementor-element elementor-element-42c64e18 cs-section-content-fullwidth elementor-section-boxed elementor-section-height-default elementor-section-height-default\" data-id=\"42c64e18\" data-element_type=\"section\" data-settings=\"{&quot;background_background&quot;:&quot;classic&quot;}\">\n\t\t\t\t\t\t<div class=\"elementor-container elementor-column-gap-no\">\n\t\t\t\t\t<div class=\"elementor-column elementor-col-50 elementor-top-column elementor-element elementor-element-57abc558 elementor-hidden-tablet elementor-hidden-mobile\" data-id=\"57abc558\" data-element_type=\"column\" data-settings=\"{&quot;background_background&quot;:&quot;classic&quot;}\">\n\t\t\t<div class=\"elementor-widget-wrap\">\n\t\t\t\t\t\t\t<\/div>\n\t\t<\/div>\n\t\t\t\t<div class=\"elementor-column elementor-col-50 elementor-top-column elementor-element elementor-element-7cef2fd1\" data-id=\"7cef2fd1\" data-element_type=\"column\">\n\t\t\t<div class=\"elementor-widget-wrap elementor-element-populated\">\n\t\t\t\t\t\t<div class=\"elementor-element elementor-element-6bfe9efa elementor-widget elementor-widget-cs_title\" data-id=\"6bfe9efa\" data-element_type=\"widget\" data-widget_type=\"cs_title.default\">\n\t\t\t\t<div class=\"elementor-widget-container\">\n\t\t\t\t\t\n        <div class=\"cs-title-wrap text-left\">\t            <div class=\"cs-subtitle-wrap\"><span class=\"cs-subtitle\">Wo wir sind<\/span><\/div>\t            <h3 class=\"cs-title\">\n\t                Ein zauberhafter Ort in der Maremma.\t            <\/h3>\t            <div class=\"cs-title-text\">\n\t                <p>Aione geh\u00f6rt zur Gemeinde Scansano, ein idealer Ausgangsort, um die unber\u00fchrte Natur und die Sch\u00f6nheit der Umgebung zu erleben.<\/p><p>Wanderungen, Ausfl\u00fcge in die Waelder, Pilze sammeln, Spargel stechen und Kastanien sammeln bieten vielerlei Besch\u00e4ftigungen und Erholung.<\/p><p>Au\u00dferdem kann man vom Aione die Str\u00e4nde\u00a0\u00a0\u00a0\u00a0\u00a0 des Argentario und von Talamone in einer halben Stunde mit dem Auto erreichen. De facto ein Urlaub am Meer und auf dem Land, perfekt und ausgewogen.<\/p>\t            <\/div>        <\/div>\t\t\t\t<\/div>\n\t\t\t\t<\/div>\n\t\t\t\t<div class=\"elementor-element elementor-element-bef7795 elementor-align-left elementor-mobile-align-left elementor-widget elementor-widget-cs_button\" data-id=\"bef7795\" data-element_type=\"widget\" data-widget_type=\"cs_button.default\">\n\t\t\t\t<div class=\"elementor-widget-container\">\n\t\t\t\t\t        <a href=\"https:\/\/aione.it\/de\/das-restaurant\/\" title=\"il nostro ristorante\" class=\"elementor-button-link button\" role=\"button\">\n            <span class=\"cs-btn-text\">Das Restaurant<\/span>        <\/a>\t\t\t\t<\/div>\n\t\t\t\t<\/div>\n\t\t\t\t\t<\/div>\n\t\t<\/div>\n\t\t\t\t\t<\/div>\n\t\t<\/section>\n\t\t\t\t<\/div>\n\t\t","protected":false},"excerpt":{"rendered":"<p>Der Agrotourismus Aione Toskanische Tradition im Herzen der Maremma Unser Agrotourismus Wo die Natur der Gastfreundschaft unserer Gegend begegnet. Aione entsteht aus dem Wunsch einer Familie einen besonderen Ort zu finden, um wichtige Ereignisse gemeinsam zu feiern. Es ging uns um Ruhe und Entspannung. Und heute m\u00f6chten wir dies mit anderen teilen. Entdecken Sie die &#8230;<\/p>\n","protected":false},"author":1,"featured_media":0,"parent":0,"menu_order":0,"comment_status":"closed","ping_status":"closed","template":"template-wide-content.php","meta":{"cozystay_single_page_hide_site_header":"","cozystay_single_page_site_header_source":"","cozystay_single_page_custom_site_header":"0","cozystay_single_page_custom_sticky_site_header":"0","cozystay_single_page_hide_page_title":"on","cozystay_single_page_header_section_size":"","cozystay_single_page_header_background_color":"","cozystay_single_page_header_background_position_x":"center","cozystay_single_page_header_background_position_y":"center","cozystay_single_page_header_background_size":"cover","cozystay_single_page_header_background_repeat":"off","cozystay_single_page_header_background_scroll":"on","cozystay_single_page_header_text_color":"","cozystay_single_page_header_show_breadcrumb":"","cozystay_single_page_site_footer_hide_main":"","cozystay_single_custom_site_footer_main_source":"","cozystay_single_custom_site_footer_main":"0","cozystay_single_page_site_footer_hide_above":"","cozystay_single_custom_site_footer_above_source":"","cozystay_single_custom_site_footer_above":"0","cozystay_single_page_site_footer_hide_instagram":"","cozystay_single_page_site_footer_hide_bottom":"","cozystay_single_custom_mobile_menu_source":"","cozystay_single_custom_mobile_menu":"0","cozystay_single_custom_mobile_menu_animation":"","cozystay_single_custom_mobile_menu_width":"","cozystay_single_custom_mobile_menu_custom_width":375,"footnotes":""},"class_list":["post-4622","page","type-page","status-publish","hentry"],"yoast_head":"<!-- This site is optimized with the Yoast SEO plugin v26.3 - https:\/\/yoast.com\/wordpress\/plugins\/seo\/ -->\n<title>Der Agrotourismus - Podere L&#039;Aione<\/title>\n<meta name=\"robots\" content=\"index, follow, max-snippet:-1, max-image-preview:large, max-video-preview:-1\" \/>\n<link rel=\"canonical\" href=\"https:\/\/aione.it\/de\/der-agrotourismus\/\" \/>\n<meta property=\"og:locale\" content=\"de_DE\" \/>\n<meta property=\"og:type\" content=\"article\" \/>\n<meta property=\"og:title\" content=\"Der Agrotourismus - Podere L&#039;Aione\" \/>\n<meta property=\"og:description\" content=\"Der Agrotourismus Aione Toskanische Tradition im Herzen der Maremma Unser Agrotourismus Wo die Natur der Gastfreundschaft unserer Gegend begegnet. Aione entsteht aus dem Wunsch einer Familie einen besonderen Ort zu finden, um wichtige Ereignisse gemeinsam zu feiern. Es ging uns um Ruhe und Entspannung. Und heute m\u00f6chten wir dies mit anderen teilen. Entdecken Sie die ...\" \/>\n<meta property=\"og:url\" content=\"https:\/\/aione.it\/de\/der-agrotourismus\/\" \/>\n<meta property=\"og:site_name\" content=\"Podere L&#039;Aione\" \/>\n<meta property=\"article:modified_time\" content=\"2025-02-06T09:49:35+00:00\" \/>\n<meta name=\"twitter:card\" content=\"summary_large_image\" \/>\n<meta name=\"twitter:label1\" content=\"Gesch\u00e4tzte Lesezeit\" \/>\n\t<meta name=\"twitter:data1\" content=\"1\u00a0Minute\" \/>\n<script type=\"application\/ld+json\" class=\"yoast-schema-graph\">{\"@context\":\"https:\/\/schema.org\",\"@graph\":[{\"@type\":\"WebPage\",\"@id\":\"https:\/\/aione.it\/de\/der-agrotourismus\/\",\"url\":\"https:\/\/aione.it\/de\/der-agrotourismus\/\",\"name\":\"Der Agrotourismus - Podere L&#039;Aione\",\"isPartOf\":{\"@id\":\"https:\/\/aione.it\/#website\"},\"datePublished\":\"2023-03-26T09:58:17+00:00\",\"dateModified\":\"2025-02-06T09:49:35+00:00\",\"breadcrumb\":{\"@id\":\"https:\/\/aione.it\/de\/der-agrotourismus\/#breadcrumb\"},\"inLanguage\":\"de\",\"potentialAction\":[{\"@type\":\"ReadAction\",\"target\":[\"https:\/\/aione.it\/de\/der-agrotourismus\/\"]}]},{\"@type\":\"BreadcrumbList\",\"@id\":\"https:\/\/aione.it\/de\/der-agrotourismus\/#breadcrumb\",\"itemListElement\":[{\"@type\":\"ListItem\",\"position\":1,\"name\":\"Home\",\"item\":\"https:\/\/aione.it\/\"},{\"@type\":\"ListItem\",\"position\":2,\"name\":\"Der Agrotourismus\"}]},{\"@type\":\"WebSite\",\"@id\":\"https:\/\/aione.it\/#website\",\"url\":\"https:\/\/aione.it\/\",\"name\":\"Podere L&#039;Aione\",\"description\":\"Agriturismo a Scansano\",\"publisher\":{\"@id\":\"https:\/\/aione.it\/#organization\"},\"potentialAction\":[{\"@type\":\"SearchAction\",\"target\":{\"@type\":\"EntryPoint\",\"urlTemplate\":\"https:\/\/aione.it\/?s={search_term_string}\"},\"query-input\":{\"@type\":\"PropertyValueSpecification\",\"valueRequired\":true,\"valueName\":\"search_term_string\"}}],\"inLanguage\":\"de\"},{\"@type\":\"Organization\",\"@id\":\"https:\/\/aione.it\/#organization\",\"name\":\"Podere L&#039;Aione\",\"url\":\"https:\/\/aione.it\/\",\"logo\":{\"@type\":\"ImageObject\",\"inLanguage\":\"de\",\"@id\":\"https:\/\/aione.it\/#\/schema\/logo\/image\/\",\"url\":\"https:\/\/aione.it\/wp-content\/uploads\/2024\/12\/logo_aione_pittogramma.svg\",\"contentUrl\":\"https:\/\/aione.it\/wp-content\/uploads\/2024\/12\/logo_aione_pittogramma.svg\",\"width\":260,\"height\":120,\"caption\":\"Podere L&#039;Aione\"},\"image\":{\"@id\":\"https:\/\/aione.it\/#\/schema\/logo\/image\/\"}}]}<\/script>\n<!-- \/ Yoast SEO plugin. -->","yoast_head_json":{"title":"Der Agrotourismus - Podere L&#039;Aione","robots":{"index":"index","follow":"follow","max-snippet":"max-snippet:-1","max-image-preview":"max-image-preview:large","max-video-preview":"max-video-preview:-1"},"canonical":"https:\/\/aione.it\/de\/der-agrotourismus\/","og_locale":"de_DE","og_type":"article","og_title":"Der Agrotourismus - Podere L&#039;Aione","og_description":"Der Agrotourismus Aione Toskanische Tradition im Herzen der Maremma Unser Agrotourismus Wo die Natur der Gastfreundschaft unserer Gegend begegnet. Aione entsteht aus dem Wunsch einer Familie einen besonderen Ort zu finden, um wichtige Ereignisse gemeinsam zu feiern. Es ging uns um Ruhe und Entspannung. Und heute m\u00f6chten wir dies mit anderen teilen. Entdecken Sie die ...","og_url":"https:\/\/aione.it\/de\/der-agrotourismus\/","og_site_name":"Podere L&#039;Aione","article_modified_time":"2025-02-06T09:49:35+00:00","twitter_card":"summary_large_image","twitter_misc":{"Gesch\u00e4tzte Lesezeit":"1\u00a0Minute"},"schema":{"@context":"https:\/\/schema.org","@graph":[{"@type":"WebPage","@id":"https:\/\/aione.it\/de\/der-agrotourismus\/","url":"https:\/\/aione.it\/de\/der-agrotourismus\/","name":"Der Agrotourismus - Podere L&#039;Aione","isPartOf":{"@id":"https:\/\/aione.it\/#website"},"datePublished":"2023-03-26T09:58:17+00:00","dateModified":"2025-02-06T09:49:35+00:00","breadcrumb":{"@id":"https:\/\/aione.it\/de\/der-agrotourismus\/#breadcrumb"},"inLanguage":"de","potentialAction":[{"@type":"ReadAction","target":["https:\/\/aione.it\/de\/der-agrotourismus\/"]}]},{"@type":"BreadcrumbList","@id":"https:\/\/aione.it\/de\/der-agrotourismus\/#breadcrumb","itemListElement":[{"@type":"ListItem","position":1,"name":"Home","item":"https:\/\/aione.it\/"},{"@type":"ListItem","position":2,"name":"Der Agrotourismus"}]},{"@type":"WebSite","@id":"https:\/\/aione.it\/#website","url":"https:\/\/aione.it\/","name":"Podere L&#039;Aione","description":"Agriturismo a Scansano","publisher":{"@id":"https:\/\/aione.it\/#organization"},"potentialAction":[{"@type":"SearchAction","target":{"@type":"EntryPoint","urlTemplate":"https:\/\/aione.it\/?s={search_term_string}"},"query-input":{"@type":"PropertyValueSpecification","valueRequired":true,"valueName":"search_term_string"}}],"inLanguage":"de"},{"@type":"Organization","@id":"https:\/\/aione.it\/#organization","name":"Podere L&#039;Aione","url":"https:\/\/aione.it\/","logo":{"@type":"ImageObject","inLanguage":"de","@id":"https:\/\/aione.it\/#\/schema\/logo\/image\/","url":"https:\/\/aione.it\/wp-content\/uploads\/2024\/12\/logo_aione_pittogramma.svg","contentUrl":"https:\/\/aione.it\/wp-content\/uploads\/2024\/12\/logo_aione_pittogramma.svg","width":260,"height":120,"caption":"Podere L&#039;Aione"},"image":{"@id":"https:\/\/aione.it\/#\/schema\/logo\/image\/"}}]}},"_links":{"self":[{"href":"https:\/\/aione.it\/de\/wp-json\/wp\/v2\/pages\/4622","targetHints":{"allow":["GET"]}}],"collection":[{"href":"https:\/\/aione.it\/de\/wp-json\/wp\/v2\/pages"}],"about":[{"href":"https:\/\/aione.it\/de\/wp-json\/wp\/v2\/types\/page"}],"author":[{"embeddable":true,"href":"https:\/\/aione.it\/de\/wp-json\/wp\/v2\/users\/1"}],"replies":[{"embeddable":true,"href":"https:\/\/aione.it\/de\/wp-json\/wp\/v2\/comments?post=4622"}],"version-history":[{"count":9,"href":"https:\/\/aione.it\/de\/wp-json\/wp\/v2\/pages\/4622\/revisions"}],"predecessor-version":[{"id":4773,"href":"https:\/\/aione.it\/de\/wp-json\/wp\/v2\/pages\/4622\/revisions\/4773"}],"wp:attachment":[{"href":"https:\/\/aione.it\/de\/wp-json\/wp\/v2\/media?parent=4622"}],"curies":[{"name":"wp","href":"https:\/\/api.w.org\/{rel}","templated":true}]}}