{"id":4671,"date":"2023-03-14T03:46:15","date_gmt":"2023-03-14T03:46:15","guid":{"rendered":"https:\/\/aione.it\/enoiteca\/"},"modified":"2026-03-16T10:31:56","modified_gmt":"2026-03-16T10:31:56","slug":"der-weinkeller","status":"publish","type":"page","link":"https:\/\/aione.it\/de\/der-weinkeller\/","title":{"rendered":"Der Weinkeller"},"content":{"rendered":"\t\t<div data-elementor-type=\"wp-page\" data-elementor-id=\"4671\" class=\"elementor elementor-4671 elementor-182\">\n\t\t\t\t\t\t<section class=\"elementor-section elementor-top-section elementor-element elementor-element-a2554e7 elementor-section-height-min-height cs-section-content-fullwidth cs-parallax-on-scroll cs_scroll_y_80 elementor-section-boxed elementor-section-height-default elementor-section-items-middle\" data-id=\"a2554e7\" data-element_type=\"section\" data-settings=\"{&quot;background_background&quot;:&quot;classic&quot;}\" data-cs-parallax-y=\"80\" style=\"background-image: none;\" data-cs-background-image=\"https:\/\/aione.it\/wp-content\/uploads\/2024\/12\/panorama_podere_aione.jpg\" data-cs-background-image-alt-text=\"\">\n\t\t\t\t\t\t\t<div class=\"elementor-background-overlay\"><\/div>\n\t\t\t\t\t\t\t<div class=\"elementor-container elementor-column-gap-no\">\n\t\t\t\t\t<div class=\"elementor-column elementor-col-100 elementor-top-column elementor-element elementor-element-4bf78b4 dark-color\" data-id=\"4bf78b4\" data-element_type=\"column\">\n\t\t\t<div class=\"elementor-widget-wrap elementor-element-populated\">\n\t\t\t\t\t\t<div class=\"elementor-element elementor-element-023f89d elementor-widget elementor-widget-cs_title\" data-id=\"023f89d\" data-element_type=\"widget\" data-widget_type=\"cs_title.default\">\n\t\t\t\t<div class=\"elementor-widget-container\">\n\t\t\t\t\t\n        <div class=\"cs-title-wrap text-center\">\t            <h1 class=\"cs-title\">\n\t                Unser Weinkeller\t            <\/h1>\t            <div class=\"cs-title-text\">\n\t                <p>Unser Weinkeller ist ideal, um die ber\u00fchmten Weine der Maremma kennenzulernen. Die Weinproben finden auf einer Panoramaterasse mit Blick auf den Monte Argentario statt.<\/p>\t            <\/div>        <\/div>\t\t\t\t<\/div>\n\t\t\t\t<\/div>\n\t\t\t\t\t<\/div>\n\t\t<\/div>\n\t\t\t\t\t<\/div>\n\t\t<\/section>\n\t\t\t\t<section class=\"elementor-section elementor-top-section elementor-element elementor-element-9c9ae0a elementor-section-content-middle elementor-section-boxed elementor-section-height-default elementor-section-height-default\" data-id=\"9c9ae0a\" data-element_type=\"section\">\n\t\t\t\t\t\t<div class=\"elementor-container elementor-column-gap-no\">\n\t\t\t\t\t<div class=\"elementor-column elementor-col-100 elementor-top-column elementor-element elementor-element-1011061\" data-id=\"1011061\" data-element_type=\"column\">\n\t\t\t<div class=\"elementor-widget-wrap elementor-element-populated\">\n\t\t\t\t\t\t<div class=\"elementor-element elementor-element-3911ab6 elementor-widget elementor-widget-cs_title\" data-id=\"3911ab6\" data-element_type=\"widget\" data-widget_type=\"cs_title.default\">\n\t\t\t\t<div class=\"elementor-widget-container\">\n\t\t\t\t\t\n        <div class=\"cs-title-wrap text-center\">\t            <div class=\"cs-subtitle-wrap\"><span class=\"cs-subtitle\">Weinproben<\/span><\/div>\t            <h3 class=\"cs-title\">\n\t                Wine Tasting im Agriturismo\t            <\/h3>\t            <div class=\"cs-title-text\">\n\t                <p>Ein au\u00dfergew\u00f6hnliches Erlebnis im Rahmen der toskanischen Maremma. Unser Agrotourismus l\u00e4dt zur exklusiven Verkostung von 4 Weinen ein aus der Gegend ein, alle mit gro\u00dfer Sorgfalt ausgewahlt, wie der ber\u00fchmte Morellino di Scansano. Zu den Weinen werden kleine H\u00e4ppchen von unserem Chef gereicht.<\/p><p>Die Weinprobe finden auf unserer Panoramaterasse statt, in der N\u00e4he unseres Weinkellers.<\/p><p><strong>Wir bitten, mindestens 24 Stunden vorher zu reservieren.<\/strong><\/p>\t            <\/div>        <\/div>\t\t\t\t<\/div>\n\t\t\t\t<\/div>\n\t\t\t\t<section class=\"elementor-section elementor-inner-section elementor-element elementor-element-bc1180c elementor-section-boxed elementor-section-height-default elementor-section-height-default\" data-id=\"bc1180c\" data-element_type=\"section\">\n\t\t\t\t\t\t<div class=\"elementor-container elementor-column-gap-no\">\n\t\t\t\t\t<div class=\"elementor-column elementor-col-50 elementor-inner-column elementor-element elementor-element-352e082\" data-id=\"352e082\" data-element_type=\"column\">\n\t\t\t<div class=\"elementor-widget-wrap elementor-element-populated\">\n\t\t\t\t\t\t<div class=\"elementor-element elementor-element-72b368d elementor-view-stacked elementor-position-left elementor-vertical-align-middle elementor-widget__width-auto elementor-shape-circle elementor-mobile-position-top elementor-widget elementor-widget-icon-box\" data-id=\"72b368d\" data-element_type=\"widget\" data-widget_type=\"icon-box.default\">\n\t\t\t\t<div class=\"elementor-widget-container\">\n\t\t\t\t\t\t\t<div class=\"elementor-icon-box-wrapper\">\n\n\t\t\t\t\t\t<div class=\"elementor-icon-box-icon\">\n\t\t\t\t<span  class=\"elementor-icon\">\n\t\t\t\t<svg aria-hidden=\"true\" class=\"e-font-icon-svg e-fas-phone-alt\" viewBox=\"0 0 512 512\" xmlns=\"http:\/\/www.w3.org\/2000\/svg\"><path d=\"M497.39 361.8l-112-48a24 24 0 0 0-28 6.9l-49.6 60.6A370.66 370.66 0 0 1 130.6 204.11l60.6-49.6a23.94 23.94 0 0 0 6.9-28l-48-112A24.16 24.16 0 0 0 122.6.61l-104 24A24 24 0 0 0 0 48c0 256.5 207.9 464 464 464a24 24 0 0 0 23.4-18.6l24-104a24.29 24.29 0 0 0-14.01-27.6z\"><\/path><\/svg>\t\t\t\t<\/span>\n\t\t\t<\/div>\n\t\t\t\n\t\t\t\t\t\t<div class=\"elementor-icon-box-content\">\n\n\t\t\t\t\t\t\t\t\t<div class=\"elementor-icon-box-title\">\n\t\t\t\t\t\t<span  >\n\t\t\t\t\t\t\tTelefon\t\t\t\t\t\t<\/span>\n\t\t\t\t\t<\/div>\n\t\t\t\t\n\t\t\t\t\t\t\t\t\t<p class=\"elementor-icon-box-description\">\n\t\t\t\t\t\t<a href=\"tel:+393454641844\">+39 345 464 1844<\/a>\t\t\t\t\t<\/p>\n\t\t\t\t\n\t\t\t<\/div>\n\t\t\t\n\t\t<\/div>\n\t\t\t\t\t\t<\/div>\n\t\t\t\t<\/div>\n\t\t\t\t\t<\/div>\n\t\t<\/div>\n\t\t\t\t<div class=\"elementor-column elementor-col-50 elementor-inner-column elementor-element elementor-element-e1e271b\" data-id=\"e1e271b\" data-element_type=\"column\">\n\t\t\t<div class=\"elementor-widget-wrap elementor-element-populated\">\n\t\t\t\t\t\t<div class=\"elementor-element elementor-element-874444d elementor-view-stacked elementor-position-left elementor-vertical-align-middle elementor-widget__width-auto elementor-shape-circle elementor-mobile-position-top elementor-widget elementor-widget-icon-box\" data-id=\"874444d\" data-element_type=\"widget\" data-widget_type=\"icon-box.default\">\n\t\t\t\t<div class=\"elementor-widget-container\">\n\t\t\t\t\t\t\t<div class=\"elementor-icon-box-wrapper\">\n\n\t\t\t\t\t\t<div class=\"elementor-icon-box-icon\">\n\t\t\t\t<span  class=\"elementor-icon\">\n\t\t\t\t<svg aria-hidden=\"true\" class=\"e-font-icon-svg e-far-envelope\" viewBox=\"0 0 512 512\" xmlns=\"http:\/\/www.w3.org\/2000\/svg\"><path d=\"M464 64H48C21.49 64 0 85.49 0 112v288c0 26.51 21.49 48 48 48h416c26.51 0 48-21.49 48-48V112c0-26.51-21.49-48-48-48zm0 48v40.805c-22.422 18.259-58.168 46.651-134.587 106.49-16.841 13.247-50.201 45.072-73.413 44.701-23.208.375-56.579-31.459-73.413-44.701C106.18 199.465 70.425 171.067 48 152.805V112h416zM48 400V214.398c22.914 18.251 55.409 43.862 104.938 82.646 21.857 17.205 60.134 55.186 103.062 54.955 42.717.231 80.509-37.199 103.053-54.947 49.528-38.783 82.032-64.401 104.947-82.653V400H48z\"><\/path><\/svg>\t\t\t\t<\/span>\n\t\t\t<\/div>\n\t\t\t\n\t\t\t\t\t\t<div class=\"elementor-icon-box-content\">\n\n\t\t\t\t\t\t\t\t\t<div class=\"elementor-icon-box-title\">\n\t\t\t\t\t\t<span  >\n\t\t\t\t\t\t\tEmail\t\t\t\t\t\t<\/span>\n\t\t\t\t\t<\/div>\n\t\t\t\t\n\t\t\t\t\t\t\t\t\t<p class=\"elementor-icon-box-description\">\n\t\t\t\t\t\t<a href=\"mailto:info@aione.it\">info@aione.it<\/a>\t\t\t\t\t<\/p>\n\t\t\t\t\n\t\t\t<\/div>\n\t\t\t\n\t\t<\/div>\n\t\t\t\t\t\t<\/div>\n\t\t\t\t<\/div>\n\t\t\t\t\t<\/div>\n\t\t<\/div>\n\t\t\t\t\t<\/div>\n\t\t<\/section>\n\t\t\t\t\t<\/div>\n\t\t<\/div>\n\t\t\t\t\t<\/div>\n\t\t<\/section>\n\t\t\t\t<section class=\"elementor-section elementor-top-section elementor-element elementor-element-dd39c4c elementor-section-content-middle cs-section-content-fullwidth elementor-section-boxed elementor-section-height-default elementor-section-height-default elementor-invisible\" data-id=\"dd39c4c\" data-element_type=\"section\" data-settings=\"{&quot;background_background&quot;:&quot;classic&quot;,&quot;animation&quot;:&quot;fadeIn&quot;}\">\n\t\t\t\t\t\t<div class=\"elementor-container elementor-column-gap-no\">\n\t\t\t\t\t<div class=\"elementor-column elementor-col-66 elementor-top-column elementor-element elementor-element-e2f3956\" data-id=\"e2f3956\" data-element_type=\"column\">\n\t\t\t<div class=\"elementor-widget-wrap\">\n\t\t\t\t\t\t\t<\/div>\n\t\t<\/div>\n\t\t\t\t<div class=\"elementor-column elementor-col-33 elementor-top-column elementor-element elementor-element-6eed3ea dark-color cs-animation-medium-offset elementor-invisible\" data-id=\"6eed3ea\" data-element_type=\"column\" data-settings=\"{&quot;background_background&quot;:&quot;classic&quot;,&quot;animation&quot;:&quot;fadeInUp&quot;,&quot;animation_delay&quot;:400}\">\n\t\t\t<div class=\"elementor-widget-wrap elementor-element-populated\">\n\t\t\t\t\t\t<div class=\"elementor-element elementor-element-dd2898a elementor-widget elementor-widget-cs_title\" data-id=\"dd2898a\" data-element_type=\"widget\" data-widget_type=\"cs_title.default\">\n\t\t\t\t<div class=\"elementor-widget-container\">\n\t\t\t\t\t\n        <div class=\"cs-title-wrap\">\t            <h6 class=\"cs-title\">\n\t                Bedingungen\t            <\/h6>        <\/div>\t\t\t\t<\/div>\n\t\t\t\t<\/div>\n\t\t\t\t<div class=\"elementor-element elementor-element-b6939c0 elementor-align-left elementor-widget elementor-widget-cs_list\" data-id=\"b6939c0\" data-element_type=\"widget\" data-widget_type=\"cs_list.default\">\n\t\t\t\t<div class=\"elementor-widget-container\">\n\t\t\t\t\t\n            <ul class=\"cs-list cs-list-type-none with-border\">                <li>                    <span class=\"list-content\"><b>Wir bitten, mindestens 24 Stunden vorher zu reservieren.<\/b><\/span>                <\/li>            <\/ul>\t\t\t\t<\/div>\n\t\t\t\t<\/div>\n\t\t\t\t<div class=\"elementor-element elementor-element-4919024 elementor-position-left elementor-vertical-align-middle elementor-view-default elementor-widget elementor-widget-icon-box\" data-id=\"4919024\" data-element_type=\"widget\" data-widget_type=\"icon-box.default\">\n\t\t\t\t<div class=\"elementor-widget-container\">\n\t\t\t\t\t\t\t<div class=\"elementor-icon-box-wrapper\">\n\n\t\t\t\t\t\t<div class=\"elementor-icon-box-icon\">\n\t\t\t\t<span  class=\"elementor-icon\">\n\t\t\t\t<svg aria-hidden=\"true\" class=\"e-font-icon-svg e-fas-phone-alt\" viewBox=\"0 0 512 512\" xmlns=\"http:\/\/www.w3.org\/2000\/svg\"><path d=\"M497.39 361.8l-112-48a24 24 0 0 0-28 6.9l-49.6 60.6A370.66 370.66 0 0 1 130.6 204.11l60.6-49.6a23.94 23.94 0 0 0 6.9-28l-48-112A24.16 24.16 0 0 0 122.6.61l-104 24A24 24 0 0 0 0 48c0 256.5 207.9 464 464 464a24 24 0 0 0 23.4-18.6l24-104a24.29 24.29 0 0 0-14.01-27.6z\"><\/path><\/svg>\t\t\t\t<\/span>\n\t\t\t<\/div>\n\t\t\t\n\t\t\t\t\t\t<div class=\"elementor-icon-box-content\">\n\n\t\t\t\t\t\t\t\t\t<div class=\"elementor-icon-box-title\">\n\t\t\t\t\t\t<span  >\n\t\t\t\t\t\t\tJetzt buchen\t\t\t\t\t\t<\/span>\n\t\t\t\t\t<\/div>\n\t\t\t\t\n\t\t\t\t\t\t\t\t\t<p class=\"elementor-icon-box-description\">\n\t\t\t\t\t\t<a href=\"tel:+393454641844\">+39 345 464 1844<\/a>\t\t\t\t\t<\/p>\n\t\t\t\t\n\t\t\t<\/div>\n\t\t\t\n\t\t<\/div>\n\t\t\t\t\t\t<\/div>\n\t\t\t\t<\/div>\n\t\t\t\t\t<\/div>\n\t\t<\/div>\n\t\t\t\t\t<\/div>\n\t\t<\/section>\n\t\t\t\t<section class=\"elementor-section elementor-top-section elementor-element elementor-element-180e078 cs-section-content-fullwidth elementor-section-content-middle elementor-section-boxed elementor-section-height-default elementor-section-height-default\" data-id=\"180e078\" data-element_type=\"section\">\n\t\t\t\t\t\t<div class=\"elementor-container elementor-column-gap-no\">\n\t\t\t\t\t<div class=\"elementor-column elementor-col-33 elementor-top-column elementor-element elementor-element-3f9a989\" data-id=\"3f9a989\" data-element_type=\"column\">\n\t\t\t<div class=\"elementor-widget-wrap elementor-element-populated\">\n\t\t\t\t\t\t<section class=\"elementor-section elementor-inner-section elementor-element elementor-element-af8b031 elementor-section-content-middle elementor-section-boxed elementor-section-height-default elementor-section-height-default\" data-id=\"af8b031\" data-element_type=\"section\">\n\t\t\t\t\t\t<div class=\"elementor-container elementor-column-gap-no\">\n\t\t\t\t\t<div class=\"elementor-column elementor-col-100 elementor-inner-column elementor-element elementor-element-9dfc5a1\" data-id=\"9dfc5a1\" data-element_type=\"column\">\n\t\t\t<div class=\"elementor-widget-wrap elementor-element-populated\">\n\t\t\t\t\t\t<div class=\"elementor-element elementor-element-4676378 elementor-widget elementor-widget-image\" data-id=\"4676378\" data-element_type=\"widget\" data-widget_type=\"image.default\">\n\t\t\t\t<div class=\"elementor-widget-container\">\n\t\t\t\t\t\t\t\t\t\t\t\t\t\t\t<img decoding=\"async\" src=\"https:\/\/aione.it\/wp-content\/uploads\/elementor\/thumbs\/20241223_090306-scaled-r0a184447dsgj3jwskzs85wfzflx6ckz9cqp504cq8.jpg\" title=\"20241223_090306\" alt=\"20241223_090306\" loading=\"lazy\" \/>\t\t\t\t\t\t\t\t\t\t\t\t\t\t\t<\/div>\n\t\t\t\t<\/div>\n\t\t\t\t\t<\/div>\n\t\t<\/div>\n\t\t\t\t\t<\/div>\n\t\t<\/section>\n\t\t\t\t\t<\/div>\n\t\t<\/div>\n\t\t\t\t<div class=\"elementor-column elementor-col-66 elementor-top-column elementor-element elementor-element-424f88e\" data-id=\"424f88e\" data-element_type=\"column\">\n\t\t\t<div class=\"elementor-widget-wrap elementor-element-populated\">\n\t\t\t\t\t\t<div class=\"elementor-element elementor-element-3673c1d elementor-widget__width-inherit elementor-widget elementor-widget-cs_title\" data-id=\"3673c1d\" data-element_type=\"widget\" data-widget_type=\"cs_title.default\">\n\t\t\t\t<div class=\"elementor-widget-container\">\n\t\t\t\t\t\n        <div class=\"cs-title-wrap\">\t            <div class=\"cs-subtitle-wrap\"><span class=\"cs-subtitle\">Kaufen Sie Wein zum Mitnehmen und verl\u00e4ngern Sie Ihren Urlaub zuhause.<\/span><\/div>\t            <h3 class=\"cs-title\">\n\t                Kaufen Sie die \u00f6rtlichen Weine und machen Sie ein Geschenk.\t            <\/h3>\t            <div class=\"cs-title-text\">\n\t                <p>Kaufen Sie Wein zum Mitnehmen und verl\u00e4ngern Sie Ihren Urlaub zuhause.<\/p><p>Ein besonderes Geschenk? Stellen Sie Ihren ganz persoenliche Korb mit Weinen und anderen Produkten aus der Toskana zusammen. Unsere Mitarbeiter stehen zu Ihrer Verf\u00fcgung.<\/p>\t            <\/div>        <\/div>\t\t\t\t<\/div>\n\t\t\t\t<\/div>\n\t\t\t\t<div class=\"elementor-element elementor-element-f8b9b71 elementor-align-left elementor-mobile-align-left elementor-widget elementor-widget-cs_button\" data-id=\"f8b9b71\" data-element_type=\"widget\" data-widget_type=\"cs_button.default\">\n\t\t\t\t<div class=\"elementor-widget-container\">\n\t\t\t\t\t        <a href=\"https:\/\/aione.it\/de\/die-produkte\/\" title=\"prodotti aione\" class=\"elementor-button-link button\" role=\"button\">\n            <span class=\"cs-btn-text\">Entdecken Sie die Produkte<\/span>        <\/a>\t\t\t\t<\/div>\n\t\t\t\t<\/div>\n\t\t\t\t\t<\/div>\n\t\t<\/div>\n\t\t\t\t\t<\/div>\n\t\t<\/section>\n\t\t\t\t<\/div>\n\t\t","protected":false},"excerpt":{"rendered":"<p>Unser Weinkeller Unser Weinkeller ist ideal, um die ber\u00fchmten Weine der Maremma kennenzulernen. Die Weinproben finden auf einer Panoramaterasse mit Blick auf den Monte Argentario statt. Weinproben Wine Tasting im Agriturismo Ein au\u00dfergew\u00f6hnliches Erlebnis im Rahmen der toskanischen Maremma. Unser Agrotourismus l\u00e4dt zur exklusiven Verkostung von 4 Weinen ein aus der Gegend ein, alle mit &#8230;<\/p>\n","protected":false},"author":1,"featured_media":0,"parent":0,"menu_order":0,"comment_status":"closed","ping_status":"closed","template":"template-wide-content.php","meta":{"cozystay_single_page_hide_site_header":"","cozystay_single_page_site_header_source":"","cozystay_single_page_custom_site_header":"0","cozystay_single_page_custom_sticky_site_header":"0","cozystay_single_page_hide_page_title":"on","cozystay_single_page_header_section_size":"","cozystay_single_page_header_background_color":"","cozystay_single_page_header_background_position_x":"center","cozystay_single_page_header_background_position_y":"center","cozystay_single_page_header_background_size":"cover","cozystay_single_page_header_background_repeat":"off","cozystay_single_page_header_background_scroll":"on","cozystay_single_page_header_text_color":"","cozystay_single_page_header_show_breadcrumb":"","cozystay_single_page_site_footer_hide_main":"","cozystay_single_custom_site_footer_main_source":"","cozystay_single_custom_site_footer_main":"0","cozystay_single_page_site_footer_hide_above":"","cozystay_single_custom_site_footer_above_source":"","cozystay_single_custom_site_footer_above":"0","cozystay_single_page_site_footer_hide_instagram":"","cozystay_single_page_site_footer_hide_bottom":"","cozystay_single_custom_mobile_menu_source":"","cozystay_single_custom_mobile_menu":"0","cozystay_single_custom_mobile_menu_animation":"","cozystay_single_custom_mobile_menu_width":"","cozystay_single_custom_mobile_menu_custom_width":375,"footnotes":""},"class_list":["post-4671","page","type-page","status-publish","hentry"],"yoast_head":"<!-- This site is optimized with the Yoast SEO plugin v27.4 - https:\/\/yoast.com\/product\/yoast-seo-wordpress\/ -->\n<title>Der Weinkeller - Podere L&#039;Aione<\/title>\n<meta name=\"robots\" content=\"index, follow, max-snippet:-1, max-image-preview:large, max-video-preview:-1\" \/>\n<link rel=\"canonical\" href=\"https:\/\/aione.it\/enoiteca\/\" \/>\n<meta property=\"og:locale\" content=\"de_DE\" \/>\n<meta property=\"og:type\" content=\"article\" \/>\n<meta property=\"og:title\" content=\"Der Weinkeller - Podere L&#039;Aione\" \/>\n<meta property=\"og:description\" content=\"Unser Weinkeller Unser Weinkeller ist ideal, um die ber\u00fchmten Weine der Maremma kennenzulernen. Die Weinproben finden auf einer Panoramaterasse mit Blick auf den Monte Argentario statt. Weinproben Wine Tasting im Agriturismo Ein au\u00dfergew\u00f6hnliches Erlebnis im Rahmen der toskanischen Maremma. Unser Agrotourismus l\u00e4dt zur exklusiven Verkostung von 4 Weinen ein aus der Gegend ein, alle mit ...\" \/>\n<meta property=\"og:url\" content=\"https:\/\/aione.it\/enoiteca\/\" \/>\n<meta property=\"og:site_name\" content=\"Podere L&#039;Aione\" \/>\n<meta property=\"article:modified_time\" content=\"2026-03-16T10:31:56+00:00\" \/>\n<meta property=\"og:image\" content=\"https:\/\/aione.it\/wp-content\/uploads\/elementor\/thumbs\/20241223_090306-scaled-r0a184447dsgj3jwskzs85wfzflx6ckz9cqp504cq8.jpg\" \/>\n<meta name=\"twitter:card\" content=\"summary_large_image\" \/>\n<meta name=\"twitter:label1\" content=\"Gesch\u00e4tzte Lesezeit\" \/>\n\t<meta name=\"twitter:data1\" content=\"2\u00a0Minuten\" \/>\n<script type=\"application\/ld+json\" class=\"yoast-schema-graph\">{\"@context\":\"https:\\\/\\\/schema.org\",\"@graph\":[{\"@type\":\"WebPage\",\"@id\":\"https:\\\/\\\/aione.it\\\/enoiteca\\\/\",\"url\":\"https:\\\/\\\/aione.it\\\/enoiteca\\\/\",\"name\":\"Der Weinkeller - Podere L&#039;Aione\",\"isPartOf\":{\"@id\":\"https:\\\/\\\/aione.it\\\/#website\"},\"primaryImageOfPage\":{\"@id\":\"https:\\\/\\\/aione.it\\\/enoiteca\\\/#primaryimage\"},\"image\":{\"@id\":\"https:\\\/\\\/aione.it\\\/enoiteca\\\/#primaryimage\"},\"thumbnailUrl\":\"https:\\\/\\\/aione.it\\\/wp-content\\\/uploads\\\/elementor\\\/thumbs\\\/20241223_090306-scaled-r0a184447dsgj3jwskzs85wfzflx6ckz9cqp504cq8.jpg\",\"datePublished\":\"2023-03-14T03:46:15+00:00\",\"dateModified\":\"2026-03-16T10:31:56+00:00\",\"breadcrumb\":{\"@id\":\"https:\\\/\\\/aione.it\\\/enoiteca\\\/#breadcrumb\"},\"inLanguage\":\"de\",\"potentialAction\":[{\"@type\":\"ReadAction\",\"target\":[\"https:\\\/\\\/aione.it\\\/enoiteca\\\/\"]}]},{\"@type\":\"ImageObject\",\"inLanguage\":\"de\",\"@id\":\"https:\\\/\\\/aione.it\\\/enoiteca\\\/#primaryimage\",\"url\":\"https:\\\/\\\/aione.it\\\/wp-content\\\/uploads\\\/elementor\\\/thumbs\\\/20241223_090306-scaled-r0a184447dsgj3jwskzs85wfzflx6ckz9cqp504cq8.jpg\",\"contentUrl\":\"https:\\\/\\\/aione.it\\\/wp-content\\\/uploads\\\/elementor\\\/thumbs\\\/20241223_090306-scaled-r0a184447dsgj3jwskzs85wfzflx6ckz9cqp504cq8.jpg\"},{\"@type\":\"BreadcrumbList\",\"@id\":\"https:\\\/\\\/aione.it\\\/enoiteca\\\/#breadcrumb\",\"itemListElement\":[{\"@type\":\"ListItem\",\"position\":1,\"name\":\"Home\",\"item\":\"https:\\\/\\\/aione.it\\\/\"},{\"@type\":\"ListItem\",\"position\":2,\"name\":\"Der Weinkeller\"}]},{\"@type\":\"WebSite\",\"@id\":\"https:\\\/\\\/aione.it\\\/#website\",\"url\":\"https:\\\/\\\/aione.it\\\/\",\"name\":\"Podere L&#039;Aione\",\"description\":\"Agriturismo a Scansano\",\"publisher\":{\"@id\":\"https:\\\/\\\/aione.it\\\/#organization\"},\"potentialAction\":[{\"@type\":\"SearchAction\",\"target\":{\"@type\":\"EntryPoint\",\"urlTemplate\":\"https:\\\/\\\/aione.it\\\/?s={search_term_string}\"},\"query-input\":{\"@type\":\"PropertyValueSpecification\",\"valueRequired\":true,\"valueName\":\"search_term_string\"}}],\"inLanguage\":\"de\"},{\"@type\":\"Organization\",\"@id\":\"https:\\\/\\\/aione.it\\\/#organization\",\"name\":\"Podere L&#039;Aione\",\"url\":\"https:\\\/\\\/aione.it\\\/\",\"logo\":{\"@type\":\"ImageObject\",\"inLanguage\":\"de\",\"@id\":\"https:\\\/\\\/aione.it\\\/#\\\/schema\\\/logo\\\/image\\\/\",\"url\":\"https:\\\/\\\/aione.it\\\/wp-content\\\/uploads\\\/2024\\\/12\\\/logo_aione_pittogramma.svg\",\"contentUrl\":\"https:\\\/\\\/aione.it\\\/wp-content\\\/uploads\\\/2024\\\/12\\\/logo_aione_pittogramma.svg\",\"width\":260,\"height\":120,\"caption\":\"Podere L&#039;Aione\"},\"image\":{\"@id\":\"https:\\\/\\\/aione.it\\\/#\\\/schema\\\/logo\\\/image\\\/\"}}]}<\/script>\n<!-- \/ Yoast SEO plugin. -->","yoast_head_json":{"title":"Der Weinkeller - Podere L&#039;Aione","robots":{"index":"index","follow":"follow","max-snippet":"max-snippet:-1","max-image-preview":"max-image-preview:large","max-video-preview":"max-video-preview:-1"},"canonical":"https:\/\/aione.it\/enoiteca\/","og_locale":"de_DE","og_type":"article","og_title":"Der Weinkeller - Podere L&#039;Aione","og_description":"Unser Weinkeller Unser Weinkeller ist ideal, um die ber\u00fchmten Weine der Maremma kennenzulernen. Die Weinproben finden auf einer Panoramaterasse mit Blick auf den Monte Argentario statt. Weinproben Wine Tasting im Agriturismo Ein au\u00dfergew\u00f6hnliches Erlebnis im Rahmen der toskanischen Maremma. Unser Agrotourismus l\u00e4dt zur exklusiven Verkostung von 4 Weinen ein aus der Gegend ein, alle mit ...","og_url":"https:\/\/aione.it\/enoiteca\/","og_site_name":"Podere L&#039;Aione","article_modified_time":"2026-03-16T10:31:56+00:00","og_image":[{"url":"https:\/\/aione.it\/wp-content\/uploads\/elementor\/thumbs\/20241223_090306-scaled-r0a184447dsgj3jwskzs85wfzflx6ckz9cqp504cq8.jpg","type":"","width":"","height":""}],"twitter_card":"summary_large_image","twitter_misc":{"Gesch\u00e4tzte Lesezeit":"2\u00a0Minuten"},"schema":{"@context":"https:\/\/schema.org","@graph":[{"@type":"WebPage","@id":"https:\/\/aione.it\/enoiteca\/","url":"https:\/\/aione.it\/enoiteca\/","name":"Der Weinkeller - Podere L&#039;Aione","isPartOf":{"@id":"https:\/\/aione.it\/#website"},"primaryImageOfPage":{"@id":"https:\/\/aione.it\/enoiteca\/#primaryimage"},"image":{"@id":"https:\/\/aione.it\/enoiteca\/#primaryimage"},"thumbnailUrl":"https:\/\/aione.it\/wp-content\/uploads\/elementor\/thumbs\/20241223_090306-scaled-r0a184447dsgj3jwskzs85wfzflx6ckz9cqp504cq8.jpg","datePublished":"2023-03-14T03:46:15+00:00","dateModified":"2026-03-16T10:31:56+00:00","breadcrumb":{"@id":"https:\/\/aione.it\/enoiteca\/#breadcrumb"},"inLanguage":"de","potentialAction":[{"@type":"ReadAction","target":["https:\/\/aione.it\/enoiteca\/"]}]},{"@type":"ImageObject","inLanguage":"de","@id":"https:\/\/aione.it\/enoiteca\/#primaryimage","url":"https:\/\/aione.it\/wp-content\/uploads\/elementor\/thumbs\/20241223_090306-scaled-r0a184447dsgj3jwskzs85wfzflx6ckz9cqp504cq8.jpg","contentUrl":"https:\/\/aione.it\/wp-content\/uploads\/elementor\/thumbs\/20241223_090306-scaled-r0a184447dsgj3jwskzs85wfzflx6ckz9cqp504cq8.jpg"},{"@type":"BreadcrumbList","@id":"https:\/\/aione.it\/enoiteca\/#breadcrumb","itemListElement":[{"@type":"ListItem","position":1,"name":"Home","item":"https:\/\/aione.it\/"},{"@type":"ListItem","position":2,"name":"Der Weinkeller"}]},{"@type":"WebSite","@id":"https:\/\/aione.it\/#website","url":"https:\/\/aione.it\/","name":"Podere L&#039;Aione","description":"Agriturismo a Scansano","publisher":{"@id":"https:\/\/aione.it\/#organization"},"potentialAction":[{"@type":"SearchAction","target":{"@type":"EntryPoint","urlTemplate":"https:\/\/aione.it\/?s={search_term_string}"},"query-input":{"@type":"PropertyValueSpecification","valueRequired":true,"valueName":"search_term_string"}}],"inLanguage":"de"},{"@type":"Organization","@id":"https:\/\/aione.it\/#organization","name":"Podere L&#039;Aione","url":"https:\/\/aione.it\/","logo":{"@type":"ImageObject","inLanguage":"de","@id":"https:\/\/aione.it\/#\/schema\/logo\/image\/","url":"https:\/\/aione.it\/wp-content\/uploads\/2024\/12\/logo_aione_pittogramma.svg","contentUrl":"https:\/\/aione.it\/wp-content\/uploads\/2024\/12\/logo_aione_pittogramma.svg","width":260,"height":120,"caption":"Podere L&#039;Aione"},"image":{"@id":"https:\/\/aione.it\/#\/schema\/logo\/image\/"}}]}},"_links":{"self":[{"href":"https:\/\/aione.it\/de\/wp-json\/wp\/v2\/pages\/4671","targetHints":{"allow":["GET"]}}],"collection":[{"href":"https:\/\/aione.it\/de\/wp-json\/wp\/v2\/pages"}],"about":[{"href":"https:\/\/aione.it\/de\/wp-json\/wp\/v2\/types\/page"}],"author":[{"embeddable":true,"href":"https:\/\/aione.it\/de\/wp-json\/wp\/v2\/users\/1"}],"replies":[{"embeddable":true,"href":"https:\/\/aione.it\/de\/wp-json\/wp\/v2\/comments?post=4671"}],"version-history":[{"count":16,"href":"https:\/\/aione.it\/de\/wp-json\/wp\/v2\/pages\/4671\/revisions"}],"predecessor-version":[{"id":6238,"href":"https:\/\/aione.it\/de\/wp-json\/wp\/v2\/pages\/4671\/revisions\/6238"}],"wp:attachment":[{"href":"https:\/\/aione.it\/de\/wp-json\/wp\/v2\/media?parent=4671"}],"curies":[{"name":"wp","href":"https:\/\/api.w.org\/{rel}","templated":true}]}}