{"id":4746,"date":"2024-11-25T12:05:09","date_gmt":"2024-11-25T12:05:09","guid":{"rendered":"https:\/\/aione.it\/privacy-policy\/"},"modified":"2025-02-06T09:44:14","modified_gmt":"2025-02-06T09:44:14","slug":"datenschutzerklaerung","status":"publish","type":"page","link":"https:\/\/aione.it\/de\/datenschutzerklaerung\/","title":{"rendered":"Datenschutzerkl\u00e4rung"},"content":{"rendered":"\n<h2 class=\"wp-block-heading\"><strong>DATENSCHUTZERKL\u00c4RUNG \u2013 <\/strong><a><strong>www.aione.it<\/strong><\/a><\/h2>\n\n\n\n<p><strong>Sehr geehrter Nutzer,<\/strong><\/p>\n\n\n\n<p>Diese Datenschutzerkl\u00e4rung wird von Podere L&#8217;Aione in \u00dcbereinstimmung mit der Verordnung 679\/2016 (DSGVO) zum Schutz personenbezogener Daten bereitgestellt, um die Verarbeitungsmethoden der personenbezogenen Daten der Nutzer, die diese Website besuchen, zu beschreiben.<\/p>\n\n\n\n<p>Beim Besuch der Website <a>www.aione.it<\/a> (\u201eWebsite\u201c) k\u00f6nnen Informationen \u00fcber die Nutzer gesammelt werden, die im Sinne der DSGVO personenbezogene Daten darstellen. Diese Datenschutzerkl\u00e4rung gilt ausschlie\u00dflich f\u00fcr die Website und nicht f\u00fcr andere externe Websites, die der Nutzer \u00fcber die auf der Website vorhandenen Links aufrufen kann.<\/p>\n\n\n\n<p><strong>VERANTWORTLICHER F\u00dcR DIE DATENVERARBEITUNG<\/strong><\/p>\n\n\n\n<p>Verantwortlicher f\u00fcr die Datenverarbeitung gem\u00e4\u00df den geltenden Gesetzen ist: Podere L&#8217;Aione \u2013 USt-IdNr. 01695590537, Sitz: Localit\u00e0 Tenuta Aione, 58054 Scansano \u2013 Grosseto, Italien, erreichbar per E-Mail unter <a>info@aione.it<\/a>.<\/p>\n\n\n\n<p><strong>AUFTRAGSVERARBEITER<\/strong><\/p>\n\n\n\n<p>Das Webhosting (Kreita S.r.l.s \u2013 Via Salvio Giuliano, 5, 20146 Mailand MI) ist als Auftragsverarbeiter benannt und verarbeitet die Daten im Auftrag des Verantwortlichen. Das Webhosting befindet sich im Europ\u00e4ischen Wirtschaftsraum und handelt in \u00dcbereinstimmung mit den europ\u00e4ischen Vorschriften.<\/p>\n\n\n\n<p><strong>ARTEN DER VERARBEITETEN DATEN<\/strong><\/p>\n\n\n\n<p><strong>Navigationsdaten<\/strong><\/p>\n\n\n\n<p>Die f\u00fcr den Betrieb dieser Website verwendeten IT-Systeme und Softwareverfahren erfassen w\u00e4hrend ihres normalen Betriebs einige personenbezogene Daten, deren \u00dcbertragung in den Kommunikationsprotokollen des Internets impliziert ist.<\/p>\n\n\n\n<p>Diese Informationen werden nicht gesammelt, um identifizierten Interessenten zugeordnet zu werden, k\u00f6nnten jedoch durch Verarbeitung und Verkn\u00fcpfung mit Daten Dritter eine Identifizierung der Nutzer erm\u00f6glichen. Zu dieser Datenkategorie geh\u00f6ren die Domainnamen der Computer der Nutzer, die sich mit der Website verbinden, die Adressen in URI-Notation (Uniform Resource Identifier) der angeforderten Ressourcen, die Uhrzeit der Anfrage, die verwendete Methode zur Anfrage an den Server, die Gr\u00f6\u00dfe der als Antwort erhaltenen Datei, der numerische Code des Serverantwortstatus (erfolgreich, Fehler usw.) sowie weitere Parameter zum Betriebssystem und zur IT-Umgebung des Nutzers. Diese Daten werden ausschlie\u00dflich zur Gewinnung anonymer statistischer Informationen \u00fcber die Nutzung der Website und zur \u00dcberpr\u00fcfung ihrer korrekten Funktion verwendet.<\/p>\n\n\n\n<p>Zu Sicherheitszwecken (Spam-Filter, Firewalls, Virenerkennung) k\u00f6nnen automatisch erfasste Daten auch personenbezogene Daten wie die IP-Adresse enthalten, die gem\u00e4\u00df den geltenden Gesetzen verwendet werden k\u00f6nnten, um Sch\u00e4digungsversuche der Website oder anderer Nutzer zu blockieren oder andere sch\u00e4dliche oder strafbare Aktivit\u00e4ten zu verhindern. Diese Daten werden niemals zur Identifizierung oder Profilierung des Nutzers verwendet, sondern nur zum Schutz der Website und ihrer Nutzer.<\/p>\n\n\n\n<p><strong>Vom Nutzer bereitgestellte Daten<\/strong><\/p>\n\n\n\n<p>Hierbei handelt es sich um Daten, die vom Nutzer freiwillig bei einer Informationsanfrage \u00fcber das Kontaktformular auf der Seite &#8222;Kontakt&#8220; angegeben werden. Insbesondere k\u00f6nnen folgende personenbezogene Daten verarbeitet werden:<\/p>\n\n\n\n<ul class=\"wp-block-list\">\n<li>Name;<\/li>\n\n\n\n<li>Nachname;<\/li>\n\n\n\n<li>E-Mail-Adresse;<\/li>\n\n\n\n<li>Telefonnummer;<\/li>\n\n\n\n<li>Ankunftsdatum;<\/li>\n\n\n\n<li>Abreisedatum;<\/li>\n\n\n\n<li>Anzahl der G\u00e4ste (Erwachsene und Kinder);<\/li>\n\n\n\n<li>Eventuelle Anfragen (Inhalt der vom Nutzer ausgef\u00fcllten Nachricht).<\/li>\n<\/ul>\n\n\n\n<p><strong>DATEN, DIE BEI DER BUCHUNG AUF DER WEBSITE ERHOBEN WERDEN<\/strong><\/p>\n\n\n\n<p>Hierbei handelt es sich um Daten, die der Nutzer freiwillig bei der Buchung einer unserer Wohnungen \u00fcber das Portal &#8222;Krossbooking.com&#8220; angibt. Diese Daten werden w\u00e4hrend des Buchungsvorgangs erfasst und umfassen:<\/p>\n\n\n\n<ul class=\"wp-block-list\">\n<li>Name;<\/li>\n\n\n\n<li>Nachname;<\/li>\n\n\n\n<li>E-Mail;<\/li>\n\n\n\n<li>Check-in \/ Check-out-Datum;<\/li>\n\n\n\n<li>Zimmertyp;<\/li>\n\n\n\n<li>Anzahl der Personen;<\/li>\n\n\n\n<li>Weitere Informationen;<\/li>\n\n\n\n<li>Eventuelle Anfragen.<\/li>\n<\/ul>\n\n\n\n<p>Diese Daten werden ausschlie\u00dflich zur Bereitstellung des angeforderten Dienstes verwendet und nur so lange verarbeitet, wie es f\u00fcr die Bereitstellung des Dienstes erforderlich ist. Die erfassten Daten werden nicht an Dritte weitergegeben, es sei denn, es handelt sich um eine berechtigte Anforderung durch die Justizbeh\u00f6rden oder in den gesetzlich vorgesehenen F\u00e4llen. Die Daten k\u00f6nnen jedoch an Dritte weitergegeben werden, wenn dies f\u00fcr die Bereitstellung eines bestimmten vom Nutzer angeforderten Dienstes erforderlich ist oder zu steuerlichen Zwecken oder zur Durchf\u00fchrung von Sicherheitskontrollen oder zur Optimierung der Website (weitere Informationen \u2013 Datenschutzrichtlinie KrossBooking).<\/p>\n\n\n\n<p><strong>VERARBEITUNGSMETHODEN<\/strong><\/p>\n\n\n\n<p>Personenbezogene Daten werden sowohl automatisiert als auch manuell verarbeitet und nur so lange aufbewahrt, wie es zur Erreichung der Zwecke, f\u00fcr die sie erhoben wurden, erforderlich ist. Die Daten k\u00f6nnen von Mitarbeitern und Mitarbeitern des Verantwortlichen, die mit der Verarbeitung beauftragt sind, eingesehen werden. Es erfolgt keine Weitergabe der Daten an Dritte, au\u00dfer in F\u00e4llen, in denen dies von Justiz- oder Sicherheitsbeh\u00f6rden angefordert wird. Die gesammelten Daten werden in keinem Fall verbreitet.<\/p>\n\n\n\n<p><strong>AUFBEWAHRUNGSDAUER DER DATEN<\/strong><\/p>\n\n\n\n<p>Die Daten des Kunden werden nur so lange aufbewahrt, wie es zur Erf\u00fcllung der Zwecke erforderlich ist, f\u00fcr die sie erhoben wurden. Die automatisch erfassten Daten werden maximal 31 Tage ab dem Zeitpunkt ihrer Erfassung gespeichert.<\/p>\n\n\n\n<p><strong>ORT DER VERARBEITUNG<\/strong><\/p>\n\n\n\n<p>Die auf der Website erfassten Daten werden am Sitz des Verantwortlichen sowie im Rechenzentrum des Webhostings verarbeitet. Das Webhosting (Kreita S.r.l.s \u2013 Via Salvio Giuliano, 5, 20146 Mailand MI) befindet sich im Europ\u00e4ischen Wirtschaftsraum und handelt in \u00dcbereinstimmung mit den europ\u00e4ischen Vorschriften.<\/p>\n\n\n\n<p><strong>RECHTE DER BETROFFENEN PERSONEN<\/strong><\/p>\n\n\n\n<p>Betroffene Personen haben das Recht:<\/p>\n\n\n\n<ul class=\"wp-block-list\">\n<li>Informationen \u00fcber die Verarbeitung ihrer personenbezogenen Daten zu verlangen;<\/li>\n\n\n\n<li>Berichtigung unrichtiger oder unvollst\u00e4ndiger personenbezogener Daten zu verlangen;<\/li>\n\n\n\n<li>L\u00f6schung oder Einschr\u00e4nkung der Verarbeitung ihrer personenbezogenen Daten zu verlangen;<\/li>\n\n\n\n<li>Der Verarbeitung ihrer personenbezogenen Daten f\u00fcr Direktmarketingzwecke zu widersprechen.<\/li>\n<\/ul>\n\n\n\n<p>Anfragen sind per E-Mail an <a>info@aione.it<\/a> zu richten.<\/p>\n","protected":false},"excerpt":{"rendered":"<p>DATENSCHUTZERKL\u00c4RUNG \u2013 www.aione.it Sehr geehrter Nutzer, Diese Datenschutzerkl\u00e4rung wird von Podere L&#8217;Aione in \u00dcbereinstimmung mit der Verordnung 679\/2016 (DSGVO) zum Schutz personenbezogener Daten bereitgestellt, um die Verarbeitungsmethoden der personenbezogenen Daten der Nutzer, die diese Website besuchen, zu beschreiben. Beim Besuch der Website www.aione.it (\u201eWebsite\u201c) k\u00f6nnen Informationen \u00fcber die Nutzer gesammelt werden, die im Sinne der &#8230;<\/p>\n","protected":false},"author":1,"featured_media":0,"parent":0,"menu_order":0,"comment_status":"closed","ping_status":"closed","template":"","meta":{"cozystay_single_page_hide_site_header":"","cozystay_single_page_site_header_source":"","cozystay_single_page_custom_site_header":"0","cozystay_single_page_custom_sticky_site_header":"0","cozystay_single_page_hide_page_title":"","cozystay_single_page_header_section_size":"","cozystay_single_page_header_background_color":"","cozystay_single_page_header_background_position_x":"center","cozystay_single_page_header_background_position_y":"center","cozystay_single_page_header_background_size":"cover","cozystay_single_page_header_background_repeat":"off","cozystay_single_page_header_background_scroll":"on","cozystay_single_page_header_text_color":"","cozystay_single_page_header_show_breadcrumb":"","cozystay_single_page_site_footer_hide_main":"","cozystay_single_custom_site_footer_main_source":"","cozystay_single_custom_site_footer_main":"0","cozystay_single_page_site_footer_hide_above":"","cozystay_single_custom_site_footer_above_source":"","cozystay_single_custom_site_footer_above":"0","cozystay_single_page_site_footer_hide_instagram":"","cozystay_single_page_site_footer_hide_bottom":"","cozystay_single_custom_mobile_menu_source":"","cozystay_single_custom_mobile_menu":"0","cozystay_single_custom_mobile_menu_animation":"","cozystay_single_custom_mobile_menu_width":"","cozystay_single_custom_mobile_menu_custom_width":375,"footnotes":""},"class_list":["post-4746","page","type-page","status-publish","hentry"],"yoast_head":"<!-- This site is optimized with the Yoast SEO plugin v26.3 - https:\/\/yoast.com\/wordpress\/plugins\/seo\/ -->\n<title>Datenschutzerkl\u00e4rung - Podere L&#039;Aione<\/title>\n<meta name=\"robots\" content=\"index, follow, max-snippet:-1, max-image-preview:large, max-video-preview:-1\" \/>\n<link rel=\"canonical\" href=\"https:\/\/aione.it\/de\/datenschutzerklaerung\/\" \/>\n<meta property=\"og:locale\" content=\"de_DE\" \/>\n<meta property=\"og:type\" content=\"article\" \/>\n<meta property=\"og:title\" content=\"Datenschutzerkl\u00e4rung - Podere L&#039;Aione\" \/>\n<meta property=\"og:description\" content=\"DATENSCHUTZERKL\u00c4RUNG \u2013 www.aione.it Sehr geehrter Nutzer, Diese Datenschutzerkl\u00e4rung wird von Podere L&#8217;Aione in \u00dcbereinstimmung mit der Verordnung 679\/2016 (DSGVO) zum Schutz personenbezogener Daten bereitgestellt, um die Verarbeitungsmethoden der personenbezogenen Daten der Nutzer, die diese Website besuchen, zu beschreiben. Beim Besuch der Website www.aione.it (\u201eWebsite\u201c) k\u00f6nnen Informationen \u00fcber die Nutzer gesammelt werden, die im Sinne der ...\" \/>\n<meta property=\"og:url\" content=\"https:\/\/aione.it\/de\/datenschutzerklaerung\/\" \/>\n<meta property=\"og:site_name\" content=\"Podere L&#039;Aione\" \/>\n<meta property=\"article:modified_time\" content=\"2025-02-06T09:44:14+00:00\" \/>\n<meta name=\"twitter:card\" content=\"summary_large_image\" \/>\n<meta name=\"twitter:label1\" content=\"Gesch\u00e4tzte Lesezeit\" \/>\n\t<meta name=\"twitter:data1\" content=\"5\u00a0Minuten\" \/>\n<script type=\"application\/ld+json\" class=\"yoast-schema-graph\">{\"@context\":\"https:\/\/schema.org\",\"@graph\":[{\"@type\":\"WebPage\",\"@id\":\"https:\/\/aione.it\/de\/datenschutzerklaerung\/\",\"url\":\"https:\/\/aione.it\/de\/datenschutzerklaerung\/\",\"name\":\"Datenschutzerkl\u00e4rung - Podere L&#039;Aione\",\"isPartOf\":{\"@id\":\"https:\/\/aione.it\/#website\"},\"datePublished\":\"2024-11-25T12:05:09+00:00\",\"dateModified\":\"2025-02-06T09:44:14+00:00\",\"breadcrumb\":{\"@id\":\"https:\/\/aione.it\/de\/datenschutzerklaerung\/#breadcrumb\"},\"inLanguage\":\"de\",\"potentialAction\":[{\"@type\":\"ReadAction\",\"target\":[\"https:\/\/aione.it\/de\/datenschutzerklaerung\/\"]}]},{\"@type\":\"BreadcrumbList\",\"@id\":\"https:\/\/aione.it\/de\/datenschutzerklaerung\/#breadcrumb\",\"itemListElement\":[{\"@type\":\"ListItem\",\"position\":1,\"name\":\"Home\",\"item\":\"https:\/\/aione.it\/\"},{\"@type\":\"ListItem\",\"position\":2,\"name\":\"Datenschutzerkl\u00e4rung\"}]},{\"@type\":\"WebSite\",\"@id\":\"https:\/\/aione.it\/#website\",\"url\":\"https:\/\/aione.it\/\",\"name\":\"Podere L&#039;Aione\",\"description\":\"Agriturismo a Scansano\",\"publisher\":{\"@id\":\"https:\/\/aione.it\/#organization\"},\"potentialAction\":[{\"@type\":\"SearchAction\",\"target\":{\"@type\":\"EntryPoint\",\"urlTemplate\":\"https:\/\/aione.it\/?s={search_term_string}\"},\"query-input\":{\"@type\":\"PropertyValueSpecification\",\"valueRequired\":true,\"valueName\":\"search_term_string\"}}],\"inLanguage\":\"de\"},{\"@type\":\"Organization\",\"@id\":\"https:\/\/aione.it\/#organization\",\"name\":\"Podere L&#039;Aione\",\"url\":\"https:\/\/aione.it\/\",\"logo\":{\"@type\":\"ImageObject\",\"inLanguage\":\"de\",\"@id\":\"https:\/\/aione.it\/#\/schema\/logo\/image\/\",\"url\":\"https:\/\/aione.it\/wp-content\/uploads\/2024\/12\/logo_aione_pittogramma.svg\",\"contentUrl\":\"https:\/\/aione.it\/wp-content\/uploads\/2024\/12\/logo_aione_pittogramma.svg\",\"width\":260,\"height\":120,\"caption\":\"Podere L&#039;Aione\"},\"image\":{\"@id\":\"https:\/\/aione.it\/#\/schema\/logo\/image\/\"}}]}<\/script>\n<!-- \/ Yoast SEO plugin. -->","yoast_head_json":{"title":"Datenschutzerkl\u00e4rung - Podere L&#039;Aione","robots":{"index":"index","follow":"follow","max-snippet":"max-snippet:-1","max-image-preview":"max-image-preview:large","max-video-preview":"max-video-preview:-1"},"canonical":"https:\/\/aione.it\/de\/datenschutzerklaerung\/","og_locale":"de_DE","og_type":"article","og_title":"Datenschutzerkl\u00e4rung - Podere L&#039;Aione","og_description":"DATENSCHUTZERKL\u00c4RUNG \u2013 www.aione.it Sehr geehrter Nutzer, Diese Datenschutzerkl\u00e4rung wird von Podere L&#8217;Aione in \u00dcbereinstimmung mit der Verordnung 679\/2016 (DSGVO) zum Schutz personenbezogener Daten bereitgestellt, um die Verarbeitungsmethoden der personenbezogenen Daten der Nutzer, die diese Website besuchen, zu beschreiben. Beim Besuch der Website www.aione.it (\u201eWebsite\u201c) k\u00f6nnen Informationen \u00fcber die Nutzer gesammelt werden, die im Sinne der ...","og_url":"https:\/\/aione.it\/de\/datenschutzerklaerung\/","og_site_name":"Podere L&#039;Aione","article_modified_time":"2025-02-06T09:44:14+00:00","twitter_card":"summary_large_image","twitter_misc":{"Gesch\u00e4tzte Lesezeit":"5\u00a0Minuten"},"schema":{"@context":"https:\/\/schema.org","@graph":[{"@type":"WebPage","@id":"https:\/\/aione.it\/de\/datenschutzerklaerung\/","url":"https:\/\/aione.it\/de\/datenschutzerklaerung\/","name":"Datenschutzerkl\u00e4rung - Podere L&#039;Aione","isPartOf":{"@id":"https:\/\/aione.it\/#website"},"datePublished":"2024-11-25T12:05:09+00:00","dateModified":"2025-02-06T09:44:14+00:00","breadcrumb":{"@id":"https:\/\/aione.it\/de\/datenschutzerklaerung\/#breadcrumb"},"inLanguage":"de","potentialAction":[{"@type":"ReadAction","target":["https:\/\/aione.it\/de\/datenschutzerklaerung\/"]}]},{"@type":"BreadcrumbList","@id":"https:\/\/aione.it\/de\/datenschutzerklaerung\/#breadcrumb","itemListElement":[{"@type":"ListItem","position":1,"name":"Home","item":"https:\/\/aione.it\/"},{"@type":"ListItem","position":2,"name":"Datenschutzerkl\u00e4rung"}]},{"@type":"WebSite","@id":"https:\/\/aione.it\/#website","url":"https:\/\/aione.it\/","name":"Podere L&#039;Aione","description":"Agriturismo a Scansano","publisher":{"@id":"https:\/\/aione.it\/#organization"},"potentialAction":[{"@type":"SearchAction","target":{"@type":"EntryPoint","urlTemplate":"https:\/\/aione.it\/?s={search_term_string}"},"query-input":{"@type":"PropertyValueSpecification","valueRequired":true,"valueName":"search_term_string"}}],"inLanguage":"de"},{"@type":"Organization","@id":"https:\/\/aione.it\/#organization","name":"Podere L&#039;Aione","url":"https:\/\/aione.it\/","logo":{"@type":"ImageObject","inLanguage":"de","@id":"https:\/\/aione.it\/#\/schema\/logo\/image\/","url":"https:\/\/aione.it\/wp-content\/uploads\/2024\/12\/logo_aione_pittogramma.svg","contentUrl":"https:\/\/aione.it\/wp-content\/uploads\/2024\/12\/logo_aione_pittogramma.svg","width":260,"height":120,"caption":"Podere L&#039;Aione"},"image":{"@id":"https:\/\/aione.it\/#\/schema\/logo\/image\/"}}]}},"_links":{"self":[{"href":"https:\/\/aione.it\/de\/wp-json\/wp\/v2\/pages\/4746","targetHints":{"allow":["GET"]}}],"collection":[{"href":"https:\/\/aione.it\/de\/wp-json\/wp\/v2\/pages"}],"about":[{"href":"https:\/\/aione.it\/de\/wp-json\/wp\/v2\/types\/page"}],"author":[{"embeddable":true,"href":"https:\/\/aione.it\/de\/wp-json\/wp\/v2\/users\/1"}],"replies":[{"embeddable":true,"href":"https:\/\/aione.it\/de\/wp-json\/wp\/v2\/comments?post=4746"}],"version-history":[{"count":1,"href":"https:\/\/aione.it\/de\/wp-json\/wp\/v2\/pages\/4746\/revisions"}],"predecessor-version":[{"id":4751,"href":"https:\/\/aione.it\/de\/wp-json\/wp\/v2\/pages\/4746\/revisions\/4751"}],"wp:attachment":[{"href":"https:\/\/aione.it\/de\/wp-json\/wp\/v2\/media?parent=4746"}],"curies":[{"name":"wp","href":"https:\/\/api.w.org\/{rel}","templated":true}]}}