{"id":4748,"date":"2024-12-18T18:49:19","date_gmt":"2024-12-18T18:49:19","guid":{"rendered":"https:\/\/aione.it\/safe-welcome-policy\/"},"modified":"2025-02-06T09:40:19","modified_gmt":"2025-02-06T09:40:19","slug":"safe-welcome-policy","status":"publish","type":"page","link":"https:\/\/aione.it\/de\/safe-welcome-policy\/","title":{"rendered":"Safe Welcome Policy"},"content":{"rendered":"\n<h2 class=\"wp-block-heading\"><strong>Sicherheit, Sorgfalt und Professionalit\u00e4t garantieren Ihren Aufenthalt in der Maremma.<\/strong><\/h2>\n\n\n\n<p>Im <strong>Podere L\u2019Aione<\/strong> haben wir schon immer gro\u00dfen Wert auf Sauberkeit, Komfort und die Qualit\u00e4t unserer Dienstleistungen gelegt.<br>Dar\u00fcber hinaus steht die Sicherheit unserer G\u00e4ste f\u00fcr uns an erster Stelle.<\/p>\n\n\n\n<p>In dieser Phase des Aufschwungs haben wir zus\u00e4tzliche Ma\u00dfnahmen eingef\u00fchrt und bestehende Verfahren in den verschiedenen Bereichen verst\u00e4rkt, um einen <strong>sicheren und sorgenfreien Aufenthalt<\/strong> zu gew\u00e4hrleisten.<\/p>\n\n\n\n<h3 class=\"wp-block-heading\">Unsere Hygienema\u00dfnahmen:<\/h3>\n\n\n\n<p>\u2022 <strong>T\u00e4gliche Desinfektion und Reinigung<\/strong> jedes Zimmers, einschlie\u00dflich T\u00fcrklinken, Oberfl\u00e4chen, M\u00f6bel, Gegenst\u00e4nde, Vorh\u00e4nge, Kissen und Stoffe, bei jedem G\u00e4stewechsel.<br>\u2022 <strong>L\u00fcften der Zimmer<\/strong> w\u00e4hrend der Reinigung.<br>\u2022 <strong>W\u00e4sche-Service<\/strong> mit desinfizierenden Reinigungsmitteln f\u00fcr Bettw\u00e4sche und Handt\u00fccher.<br>\u2022 <strong>T\u00e4gliche Reinigung und Desinfektion<\/strong> der Gemeinschaftsbereiche des Agriturismo.<br>\u2022 <strong>Desinfektion von Lichtschaltern und T\u00fcrklinken<\/strong> in den Zimmern und \u00f6ffentlichen Bereichen.<br>\u2022 <strong>Desinfektion der Schl\u00fcssel<\/strong> nach jedem Gebrauch.<br>\u2022 <strong>Verwendung hochwertiger Reinigungsprodukte<\/strong> f\u00fcr maximale Hygiene und Sicherheit.<br>\u2022 <strong>Bereitstellung von Desinfektionsgel-Spendern<\/strong> in der Lobby neben der Rezeption f\u00fcr unsere G\u00e4ste.<br>\u2022 <strong>Online-Check-in<\/strong>: Der vorab durchgef\u00fchrte Check-in erm\u00f6glicht eine schnelle und kontaktlose Abwicklung, um Menschenansammlungen zu vermeiden.<br>\u2022 <strong>Unser Personal empf\u00e4ngt Sie mit Maske.<\/strong><br>\u2022 <strong>Einhaltung des Sicherheitsabstands<\/strong> zwischen den Tischen im Restaurant.<br>\u2022 <strong>Spezielle Reinigungs- und Desinfektionsma\u00dfnahmen<\/strong> wurden eingef\u00fchrt, um eine sichere Umgebung f\u00fcr unsere G\u00e4ste und unser Team zu gew\u00e4hrleisten.<\/p>\n\n\n\n<p>Ihr Wohlbefinden und Ihre Sicherheit stehen f\u00fcr uns an erster Stelle!<\/p>\n","protected":false},"excerpt":{"rendered":"<p>Sicherheit, Sorgfalt und Professionalit\u00e4t garantieren Ihren Aufenthalt in der Maremma. Im Podere L\u2019Aione haben wir schon immer gro\u00dfen Wert auf Sauberkeit, Komfort und die Qualit\u00e4t unserer Dienstleistungen gelegt.Dar\u00fcber hinaus steht die Sicherheit unserer G\u00e4ste f\u00fcr uns an erster Stelle. In dieser Phase des Aufschwungs haben wir zus\u00e4tzliche Ma\u00dfnahmen eingef\u00fchrt und bestehende Verfahren in den verschiedenen &#8230;<\/p>\n","protected":false},"author":1,"featured_media":0,"parent":0,"menu_order":0,"comment_status":"closed","ping_status":"closed","template":"","meta":{"cozystay_single_page_hide_site_header":"","cozystay_single_page_site_header_source":"","cozystay_single_page_custom_site_header":"0","cozystay_single_page_custom_sticky_site_header":"0","cozystay_single_page_hide_page_title":"","cozystay_single_page_header_section_size":"","cozystay_single_page_header_background_color":"","cozystay_single_page_header_background_position_x":"center","cozystay_single_page_header_background_position_y":"center","cozystay_single_page_header_background_size":"cover","cozystay_single_page_header_background_repeat":"off","cozystay_single_page_header_background_scroll":"on","cozystay_single_page_header_text_color":"","cozystay_single_page_header_show_breadcrumb":"","cozystay_single_page_site_footer_hide_main":"","cozystay_single_custom_site_footer_main_source":"","cozystay_single_custom_site_footer_main":"0","cozystay_single_page_site_footer_hide_above":"","cozystay_single_custom_site_footer_above_source":"","cozystay_single_custom_site_footer_above":"0","cozystay_single_page_site_footer_hide_instagram":"","cozystay_single_page_site_footer_hide_bottom":"","cozystay_single_custom_mobile_menu_source":"","cozystay_single_custom_mobile_menu":"0","cozystay_single_custom_mobile_menu_animation":"","cozystay_single_custom_mobile_menu_width":"","cozystay_single_custom_mobile_menu_custom_width":375,"footnotes":""},"class_list":["post-4748","page","type-page","status-publish","hentry"],"yoast_head":"<!-- This site is optimized with the Yoast SEO plugin v27.4 - https:\/\/yoast.com\/product\/yoast-seo-wordpress\/ -->\n<title>Safe Welcome Policy - Podere L&#039;Aione<\/title>\n<meta name=\"robots\" content=\"index, follow, max-snippet:-1, max-image-preview:large, max-video-preview:-1\" \/>\n<link rel=\"canonical\" href=\"https:\/\/aione.it\/de\/safe-welcome-policy\/\" \/>\n<meta property=\"og:locale\" content=\"de_DE\" \/>\n<meta property=\"og:type\" content=\"article\" \/>\n<meta property=\"og:title\" content=\"Safe Welcome Policy - Podere L&#039;Aione\" \/>\n<meta property=\"og:description\" content=\"Sicherheit, Sorgfalt und Professionalit\u00e4t garantieren Ihren Aufenthalt in der Maremma. Im Podere L\u2019Aione haben wir schon immer gro\u00dfen Wert auf Sauberkeit, Komfort und die Qualit\u00e4t unserer Dienstleistungen gelegt.Dar\u00fcber hinaus steht die Sicherheit unserer G\u00e4ste f\u00fcr uns an erster Stelle. In dieser Phase des Aufschwungs haben wir zus\u00e4tzliche Ma\u00dfnahmen eingef\u00fchrt und bestehende Verfahren in den verschiedenen ...\" \/>\n<meta property=\"og:url\" content=\"https:\/\/aione.it\/de\/safe-welcome-policy\/\" \/>\n<meta property=\"og:site_name\" content=\"Podere L&#039;Aione\" \/>\n<meta property=\"article:modified_time\" content=\"2025-02-06T09:40:19+00:00\" \/>\n<meta name=\"twitter:card\" content=\"summary_large_image\" \/>\n<meta name=\"twitter:label1\" content=\"Gesch\u00e4tzte Lesezeit\" \/>\n\t<meta name=\"twitter:data1\" content=\"2\u00a0Minuten\" \/>\n<script type=\"application\/ld+json\" class=\"yoast-schema-graph\">{\"@context\":\"https:\\\/\\\/schema.org\",\"@graph\":[{\"@type\":\"WebPage\",\"@id\":\"https:\\\/\\\/aione.it\\\/de\\\/safe-welcome-policy\\\/\",\"url\":\"https:\\\/\\\/aione.it\\\/de\\\/safe-welcome-policy\\\/\",\"name\":\"Safe Welcome Policy - Podere L&#039;Aione\",\"isPartOf\":{\"@id\":\"https:\\\/\\\/aione.it\\\/#website\"},\"datePublished\":\"2024-12-18T18:49:19+00:00\",\"dateModified\":\"2025-02-06T09:40:19+00:00\",\"breadcrumb\":{\"@id\":\"https:\\\/\\\/aione.it\\\/de\\\/safe-welcome-policy\\\/#breadcrumb\"},\"inLanguage\":\"de\",\"potentialAction\":[{\"@type\":\"ReadAction\",\"target\":[\"https:\\\/\\\/aione.it\\\/de\\\/safe-welcome-policy\\\/\"]}]},{\"@type\":\"BreadcrumbList\",\"@id\":\"https:\\\/\\\/aione.it\\\/de\\\/safe-welcome-policy\\\/#breadcrumb\",\"itemListElement\":[{\"@type\":\"ListItem\",\"position\":1,\"name\":\"Home\",\"item\":\"https:\\\/\\\/aione.it\\\/\"},{\"@type\":\"ListItem\",\"position\":2,\"name\":\"Safe Welcome Policy\"}]},{\"@type\":\"WebSite\",\"@id\":\"https:\\\/\\\/aione.it\\\/#website\",\"url\":\"https:\\\/\\\/aione.it\\\/\",\"name\":\"Podere L&#039;Aione\",\"description\":\"Agriturismo a Scansano\",\"publisher\":{\"@id\":\"https:\\\/\\\/aione.it\\\/#organization\"},\"potentialAction\":[{\"@type\":\"SearchAction\",\"target\":{\"@type\":\"EntryPoint\",\"urlTemplate\":\"https:\\\/\\\/aione.it\\\/?s={search_term_string}\"},\"query-input\":{\"@type\":\"PropertyValueSpecification\",\"valueRequired\":true,\"valueName\":\"search_term_string\"}}],\"inLanguage\":\"de\"},{\"@type\":\"Organization\",\"@id\":\"https:\\\/\\\/aione.it\\\/#organization\",\"name\":\"Podere L&#039;Aione\",\"url\":\"https:\\\/\\\/aione.it\\\/\",\"logo\":{\"@type\":\"ImageObject\",\"inLanguage\":\"de\",\"@id\":\"https:\\\/\\\/aione.it\\\/#\\\/schema\\\/logo\\\/image\\\/\",\"url\":\"https:\\\/\\\/aione.it\\\/wp-content\\\/uploads\\\/2024\\\/12\\\/logo_aione_pittogramma.svg\",\"contentUrl\":\"https:\\\/\\\/aione.it\\\/wp-content\\\/uploads\\\/2024\\\/12\\\/logo_aione_pittogramma.svg\",\"width\":260,\"height\":120,\"caption\":\"Podere L&#039;Aione\"},\"image\":{\"@id\":\"https:\\\/\\\/aione.it\\\/#\\\/schema\\\/logo\\\/image\\\/\"}}]}<\/script>\n<!-- \/ Yoast SEO plugin. -->","yoast_head_json":{"title":"Safe Welcome Policy - Podere L&#039;Aione","robots":{"index":"index","follow":"follow","max-snippet":"max-snippet:-1","max-image-preview":"max-image-preview:large","max-video-preview":"max-video-preview:-1"},"canonical":"https:\/\/aione.it\/de\/safe-welcome-policy\/","og_locale":"de_DE","og_type":"article","og_title":"Safe Welcome Policy - Podere L&#039;Aione","og_description":"Sicherheit, Sorgfalt und Professionalit\u00e4t garantieren Ihren Aufenthalt in der Maremma. Im Podere L\u2019Aione haben wir schon immer gro\u00dfen Wert auf Sauberkeit, Komfort und die Qualit\u00e4t unserer Dienstleistungen gelegt.Dar\u00fcber hinaus steht die Sicherheit unserer G\u00e4ste f\u00fcr uns an erster Stelle. In dieser Phase des Aufschwungs haben wir zus\u00e4tzliche Ma\u00dfnahmen eingef\u00fchrt und bestehende Verfahren in den verschiedenen ...","og_url":"https:\/\/aione.it\/de\/safe-welcome-policy\/","og_site_name":"Podere L&#039;Aione","article_modified_time":"2025-02-06T09:40:19+00:00","twitter_card":"summary_large_image","twitter_misc":{"Gesch\u00e4tzte Lesezeit":"2\u00a0Minuten"},"schema":{"@context":"https:\/\/schema.org","@graph":[{"@type":"WebPage","@id":"https:\/\/aione.it\/de\/safe-welcome-policy\/","url":"https:\/\/aione.it\/de\/safe-welcome-policy\/","name":"Safe Welcome Policy - Podere L&#039;Aione","isPartOf":{"@id":"https:\/\/aione.it\/#website"},"datePublished":"2024-12-18T18:49:19+00:00","dateModified":"2025-02-06T09:40:19+00:00","breadcrumb":{"@id":"https:\/\/aione.it\/de\/safe-welcome-policy\/#breadcrumb"},"inLanguage":"de","potentialAction":[{"@type":"ReadAction","target":["https:\/\/aione.it\/de\/safe-welcome-policy\/"]}]},{"@type":"BreadcrumbList","@id":"https:\/\/aione.it\/de\/safe-welcome-policy\/#breadcrumb","itemListElement":[{"@type":"ListItem","position":1,"name":"Home","item":"https:\/\/aione.it\/"},{"@type":"ListItem","position":2,"name":"Safe Welcome Policy"}]},{"@type":"WebSite","@id":"https:\/\/aione.it\/#website","url":"https:\/\/aione.it\/","name":"Podere L&#039;Aione","description":"Agriturismo a Scansano","publisher":{"@id":"https:\/\/aione.it\/#organization"},"potentialAction":[{"@type":"SearchAction","target":{"@type":"EntryPoint","urlTemplate":"https:\/\/aione.it\/?s={search_term_string}"},"query-input":{"@type":"PropertyValueSpecification","valueRequired":true,"valueName":"search_term_string"}}],"inLanguage":"de"},{"@type":"Organization","@id":"https:\/\/aione.it\/#organization","name":"Podere L&#039;Aione","url":"https:\/\/aione.it\/","logo":{"@type":"ImageObject","inLanguage":"de","@id":"https:\/\/aione.it\/#\/schema\/logo\/image\/","url":"https:\/\/aione.it\/wp-content\/uploads\/2024\/12\/logo_aione_pittogramma.svg","contentUrl":"https:\/\/aione.it\/wp-content\/uploads\/2024\/12\/logo_aione_pittogramma.svg","width":260,"height":120,"caption":"Podere L&#039;Aione"},"image":{"@id":"https:\/\/aione.it\/#\/schema\/logo\/image\/"}}]}},"_links":{"self":[{"href":"https:\/\/aione.it\/de\/wp-json\/wp\/v2\/pages\/4748","targetHints":{"allow":["GET"]}}],"collection":[{"href":"https:\/\/aione.it\/de\/wp-json\/wp\/v2\/pages"}],"about":[{"href":"https:\/\/aione.it\/de\/wp-json\/wp\/v2\/types\/page"}],"author":[{"embeddable":true,"href":"https:\/\/aione.it\/de\/wp-json\/wp\/v2\/users\/1"}],"replies":[{"embeddable":true,"href":"https:\/\/aione.it\/de\/wp-json\/wp\/v2\/comments?post=4748"}],"version-history":[{"count":1,"href":"https:\/\/aione.it\/de\/wp-json\/wp\/v2\/pages\/4748\/revisions"}],"predecessor-version":[{"id":4752,"href":"https:\/\/aione.it\/de\/wp-json\/wp\/v2\/pages\/4748\/revisions\/4752"}],"wp:attachment":[{"href":"https:\/\/aione.it\/de\/wp-json\/wp\/v2\/media?parent=4748"}],"curies":[{"name":"wp","href":"https:\/\/api.w.org\/{rel}","templated":true}]}}