{"id":4749,"date":"2024-12-18T18:49:03","date_gmt":"2024-12-18T18:49:03","guid":{"rendered":"https:\/\/aione.it\/termini-e-condizioni\/"},"modified":"2025-02-06T09:40:17","modified_gmt":"2025-02-06T09:40:17","slug":"allgemeine-geschaeftsbedingungen","status":"publish","type":"page","link":"https:\/\/aione.it\/de\/allgemeine-geschaeftsbedingungen\/","title":{"rendered":"Allgemeine Gesch\u00e4ftsbedingungen"},"content":{"rendered":"\n<h2 class=\"wp-block-heading\"><strong>Buchungen:<\/strong><\/h2>\n\n\n\n<p>In unserem Agriturismo bieten wir <strong>Halbpension<\/strong> mit Fr\u00fchst\u00fcck und Abendessen an.<br>Das Restaurant ist auch mittags ge\u00f6ffnet. Wir bitten unsere G\u00e4ste, das Mittagessen <strong>bei der Fr\u00fchst\u00fcckszeit f\u00fcr denselben Tag<\/strong> zu reservieren.<\/p>\n\n\n\n<p><strong>Mindestaufenthalt:<\/strong> 7 N\u00e4chte in den Monaten Juni, Juli, August und September.<br><strong>An- und Abreisetag f\u00fcr Wochenaufenthalte:<\/strong> Samstag.<\/p>\n\n\n\n<p><strong>Check-in:<\/strong> ab 15:00 Uhr.<br><strong>Check-out:<\/strong> bis 10:00 Uhr.<br><strong>Akzeptierte Kreditkarten:<\/strong> VISA \u2013 MASTERCARD.<\/p>\n\n\n\n<hr class=\"wp-block-separator has-alpha-channel-opacity\"\/>\n\n\n\n<h3 class=\"wp-block-heading\"><strong>Inklusive Leistungen:<\/strong><\/h3>\n\n\n\n<p>\u2022 Fr\u00fchst\u00fccksbuffet<br>\u2022 Abendessen<br>\u2022 Heizung<br>\u2022 Stromverbrauch<br>\u2022 <strong>T\u00e4gliche Zimmerreinigung<\/strong><br>\u2022 <strong>Wechsel der Bettw\u00e4sche alle 3 Tage<\/strong><br>\u2022 Nutzung des <strong>Schwimmbads<\/strong><br>\u2022 <strong>WLAN<\/strong><br>\u2022 Nutzung eines <strong>Haartrockners<\/strong><br>\u2022 <strong>Kostenloser Parkplatz<\/strong> auf dem Anwesen<\/p>\n\n\n\n<hr class=\"wp-block-separator has-alpha-channel-opacity\"\/>\n\n\n\n<h3 class=\"wp-block-heading\"><strong>Anzahlung und Stornierungsbedingungen:<\/strong><\/h3>\n\n\n\n<p>Zur Best\u00e4tigung der Buchung ist eine <strong>Anzahlung von 30%<\/strong> des Gesamtbetrags erforderlich, zahlbar per <strong>Bank\u00fcberweisung<\/strong> oder <strong>Kreditkarte<\/strong> (Visa oder Mastercard).<br>Der Restbetrag ist <strong>vor Ort<\/strong> am Ende des Aufenthalts zu begleichen.<\/p>\n\n\n\n<p><strong>Stornierungsbedingungen:<\/strong><br>\u2022 <strong>Bis 15 Tage vor Anreise<\/strong> wird die Anzahlung <strong>vollst\u00e4ndig erstattet<\/strong>, es fallen <strong>keine Stornogeb\u00fchren<\/strong> an.<br>\u2022 da 30 giorni a 2 giorni prima della data d&#8217;arrivo la caparra confirmatoria non sar\u00e0 rimborsata<br>Nel caso di prenotazioni annullate entro 2 giorni dalla data di arrivo, no show o partenza anticipata, la caparra confirmatoria non sar\u00e0 rimborsata ed \u00e8 dovuta la somma totale del soggiorno prenotato.<\/p>\n","protected":false},"excerpt":{"rendered":"<p>Buchungen: In unserem Agriturismo bieten wir Halbpension mit Fr\u00fchst\u00fcck und Abendessen an.Das Restaurant ist auch mittags ge\u00f6ffnet. Wir bitten unsere G\u00e4ste, das Mittagessen bei der Fr\u00fchst\u00fcckszeit f\u00fcr denselben Tag zu reservieren. Mindestaufenthalt: 7 N\u00e4chte in den Monaten Juni, Juli, August und September.An- und Abreisetag f\u00fcr Wochenaufenthalte: Samstag. Check-in: ab 15:00 Uhr.Check-out: bis 10:00 Uhr.Akzeptierte Kreditkarten: &#8230;<\/p>\n","protected":false},"author":1,"featured_media":0,"parent":0,"menu_order":0,"comment_status":"closed","ping_status":"closed","template":"","meta":{"cozystay_single_page_hide_site_header":"","cozystay_single_page_site_header_source":"","cozystay_single_page_custom_site_header":"0","cozystay_single_page_custom_sticky_site_header":"0","cozystay_single_page_hide_page_title":"","cozystay_single_page_header_section_size":"","cozystay_single_page_header_background_color":"","cozystay_single_page_header_background_position_x":"center","cozystay_single_page_header_background_position_y":"center","cozystay_single_page_header_background_size":"cover","cozystay_single_page_header_background_repeat":"off","cozystay_single_page_header_background_scroll":"on","cozystay_single_page_header_text_color":"","cozystay_single_page_header_show_breadcrumb":"","cozystay_single_page_site_footer_hide_main":"","cozystay_single_custom_site_footer_main_source":"","cozystay_single_custom_site_footer_main":"0","cozystay_single_page_site_footer_hide_above":"","cozystay_single_custom_site_footer_above_source":"","cozystay_single_custom_site_footer_above":"0","cozystay_single_page_site_footer_hide_instagram":"","cozystay_single_page_site_footer_hide_bottom":"","cozystay_single_custom_mobile_menu_source":"","cozystay_single_custom_mobile_menu":"0","cozystay_single_custom_mobile_menu_animation":"","cozystay_single_custom_mobile_menu_width":"","cozystay_single_custom_mobile_menu_custom_width":375,"footnotes":""},"class_list":["post-4749","page","type-page","status-publish","hentry"],"yoast_head":"<!-- This site is optimized with the Yoast SEO plugin v26.3 - https:\/\/yoast.com\/wordpress\/plugins\/seo\/ -->\n<title>Allgemeine Gesch\u00e4ftsbedingungen - Podere L&#039;Aione<\/title>\n<meta name=\"robots\" content=\"index, follow, max-snippet:-1, max-image-preview:large, max-video-preview:-1\" \/>\n<link rel=\"canonical\" href=\"https:\/\/aione.it\/de\/allgemeine-geschaeftsbedingungen\/\" \/>\n<meta property=\"og:locale\" content=\"de_DE\" \/>\n<meta property=\"og:type\" content=\"article\" \/>\n<meta property=\"og:title\" content=\"Allgemeine Gesch\u00e4ftsbedingungen - Podere L&#039;Aione\" \/>\n<meta property=\"og:description\" content=\"Buchungen: In unserem Agriturismo bieten wir Halbpension mit Fr\u00fchst\u00fcck und Abendessen an.Das Restaurant ist auch mittags ge\u00f6ffnet. Wir bitten unsere G\u00e4ste, das Mittagessen bei der Fr\u00fchst\u00fcckszeit f\u00fcr denselben Tag zu reservieren. Mindestaufenthalt: 7 N\u00e4chte in den Monaten Juni, Juli, August und September.An- und Abreisetag f\u00fcr Wochenaufenthalte: Samstag. Check-in: ab 15:00 Uhr.Check-out: bis 10:00 Uhr.Akzeptierte Kreditkarten: ...\" \/>\n<meta property=\"og:url\" content=\"https:\/\/aione.it\/de\/allgemeine-geschaeftsbedingungen\/\" \/>\n<meta property=\"og:site_name\" content=\"Podere L&#039;Aione\" \/>\n<meta property=\"article:modified_time\" content=\"2025-02-06T09:40:17+00:00\" \/>\n<meta name=\"twitter:card\" content=\"summary_large_image\" \/>\n<meta name=\"twitter:label1\" content=\"Gesch\u00e4tzte Lesezeit\" \/>\n\t<meta name=\"twitter:data1\" content=\"2\u00a0Minuten\" \/>\n<script type=\"application\/ld+json\" class=\"yoast-schema-graph\">{\"@context\":\"https:\/\/schema.org\",\"@graph\":[{\"@type\":\"WebPage\",\"@id\":\"https:\/\/aione.it\/de\/allgemeine-geschaeftsbedingungen\/\",\"url\":\"https:\/\/aione.it\/de\/allgemeine-geschaeftsbedingungen\/\",\"name\":\"Allgemeine Gesch\u00e4ftsbedingungen - Podere L&#039;Aione\",\"isPartOf\":{\"@id\":\"https:\/\/aione.it\/#website\"},\"datePublished\":\"2024-12-18T18:49:03+00:00\",\"dateModified\":\"2025-02-06T09:40:17+00:00\",\"breadcrumb\":{\"@id\":\"https:\/\/aione.it\/de\/allgemeine-geschaeftsbedingungen\/#breadcrumb\"},\"inLanguage\":\"de\",\"potentialAction\":[{\"@type\":\"ReadAction\",\"target\":[\"https:\/\/aione.it\/de\/allgemeine-geschaeftsbedingungen\/\"]}]},{\"@type\":\"BreadcrumbList\",\"@id\":\"https:\/\/aione.it\/de\/allgemeine-geschaeftsbedingungen\/#breadcrumb\",\"itemListElement\":[{\"@type\":\"ListItem\",\"position\":1,\"name\":\"Home\",\"item\":\"https:\/\/aione.it\/\"},{\"@type\":\"ListItem\",\"position\":2,\"name\":\"Allgemeine Gesch\u00e4ftsbedingungen\"}]},{\"@type\":\"WebSite\",\"@id\":\"https:\/\/aione.it\/#website\",\"url\":\"https:\/\/aione.it\/\",\"name\":\"Podere L&#039;Aione\",\"description\":\"Agriturismo a Scansano\",\"publisher\":{\"@id\":\"https:\/\/aione.it\/#organization\"},\"potentialAction\":[{\"@type\":\"SearchAction\",\"target\":{\"@type\":\"EntryPoint\",\"urlTemplate\":\"https:\/\/aione.it\/?s={search_term_string}\"},\"query-input\":{\"@type\":\"PropertyValueSpecification\",\"valueRequired\":true,\"valueName\":\"search_term_string\"}}],\"inLanguage\":\"de\"},{\"@type\":\"Organization\",\"@id\":\"https:\/\/aione.it\/#organization\",\"name\":\"Podere L&#039;Aione\",\"url\":\"https:\/\/aione.it\/\",\"logo\":{\"@type\":\"ImageObject\",\"inLanguage\":\"de\",\"@id\":\"https:\/\/aione.it\/#\/schema\/logo\/image\/\",\"url\":\"https:\/\/aione.it\/wp-content\/uploads\/2024\/12\/logo_aione_pittogramma.svg\",\"contentUrl\":\"https:\/\/aione.it\/wp-content\/uploads\/2024\/12\/logo_aione_pittogramma.svg\",\"width\":260,\"height\":120,\"caption\":\"Podere L&#039;Aione\"},\"image\":{\"@id\":\"https:\/\/aione.it\/#\/schema\/logo\/image\/\"}}]}<\/script>\n<!-- \/ Yoast SEO plugin. -->","yoast_head_json":{"title":"Allgemeine Gesch\u00e4ftsbedingungen - Podere L&#039;Aione","robots":{"index":"index","follow":"follow","max-snippet":"max-snippet:-1","max-image-preview":"max-image-preview:large","max-video-preview":"max-video-preview:-1"},"canonical":"https:\/\/aione.it\/de\/allgemeine-geschaeftsbedingungen\/","og_locale":"de_DE","og_type":"article","og_title":"Allgemeine Gesch\u00e4ftsbedingungen - Podere L&#039;Aione","og_description":"Buchungen: In unserem Agriturismo bieten wir Halbpension mit Fr\u00fchst\u00fcck und Abendessen an.Das Restaurant ist auch mittags ge\u00f6ffnet. Wir bitten unsere G\u00e4ste, das Mittagessen bei der Fr\u00fchst\u00fcckszeit f\u00fcr denselben Tag zu reservieren. Mindestaufenthalt: 7 N\u00e4chte in den Monaten Juni, Juli, August und September.An- und Abreisetag f\u00fcr Wochenaufenthalte: Samstag. Check-in: ab 15:00 Uhr.Check-out: bis 10:00 Uhr.Akzeptierte Kreditkarten: ...","og_url":"https:\/\/aione.it\/de\/allgemeine-geschaeftsbedingungen\/","og_site_name":"Podere L&#039;Aione","article_modified_time":"2025-02-06T09:40:17+00:00","twitter_card":"summary_large_image","twitter_misc":{"Gesch\u00e4tzte Lesezeit":"2\u00a0Minuten"},"schema":{"@context":"https:\/\/schema.org","@graph":[{"@type":"WebPage","@id":"https:\/\/aione.it\/de\/allgemeine-geschaeftsbedingungen\/","url":"https:\/\/aione.it\/de\/allgemeine-geschaeftsbedingungen\/","name":"Allgemeine Gesch\u00e4ftsbedingungen - Podere L&#039;Aione","isPartOf":{"@id":"https:\/\/aione.it\/#website"},"datePublished":"2024-12-18T18:49:03+00:00","dateModified":"2025-02-06T09:40:17+00:00","breadcrumb":{"@id":"https:\/\/aione.it\/de\/allgemeine-geschaeftsbedingungen\/#breadcrumb"},"inLanguage":"de","potentialAction":[{"@type":"ReadAction","target":["https:\/\/aione.it\/de\/allgemeine-geschaeftsbedingungen\/"]}]},{"@type":"BreadcrumbList","@id":"https:\/\/aione.it\/de\/allgemeine-geschaeftsbedingungen\/#breadcrumb","itemListElement":[{"@type":"ListItem","position":1,"name":"Home","item":"https:\/\/aione.it\/"},{"@type":"ListItem","position":2,"name":"Allgemeine Gesch\u00e4ftsbedingungen"}]},{"@type":"WebSite","@id":"https:\/\/aione.it\/#website","url":"https:\/\/aione.it\/","name":"Podere L&#039;Aione","description":"Agriturismo a Scansano","publisher":{"@id":"https:\/\/aione.it\/#organization"},"potentialAction":[{"@type":"SearchAction","target":{"@type":"EntryPoint","urlTemplate":"https:\/\/aione.it\/?s={search_term_string}"},"query-input":{"@type":"PropertyValueSpecification","valueRequired":true,"valueName":"search_term_string"}}],"inLanguage":"de"},{"@type":"Organization","@id":"https:\/\/aione.it\/#organization","name":"Podere L&#039;Aione","url":"https:\/\/aione.it\/","logo":{"@type":"ImageObject","inLanguage":"de","@id":"https:\/\/aione.it\/#\/schema\/logo\/image\/","url":"https:\/\/aione.it\/wp-content\/uploads\/2024\/12\/logo_aione_pittogramma.svg","contentUrl":"https:\/\/aione.it\/wp-content\/uploads\/2024\/12\/logo_aione_pittogramma.svg","width":260,"height":120,"caption":"Podere L&#039;Aione"},"image":{"@id":"https:\/\/aione.it\/#\/schema\/logo\/image\/"}}]}},"_links":{"self":[{"href":"https:\/\/aione.it\/de\/wp-json\/wp\/v2\/pages\/4749","targetHints":{"allow":["GET"]}}],"collection":[{"href":"https:\/\/aione.it\/de\/wp-json\/wp\/v2\/pages"}],"about":[{"href":"https:\/\/aione.it\/de\/wp-json\/wp\/v2\/types\/page"}],"author":[{"embeddable":true,"href":"https:\/\/aione.it\/de\/wp-json\/wp\/v2\/users\/1"}],"replies":[{"embeddable":true,"href":"https:\/\/aione.it\/de\/wp-json\/wp\/v2\/comments?post=4749"}],"version-history":[{"count":1,"href":"https:\/\/aione.it\/de\/wp-json\/wp\/v2\/pages\/4749\/revisions"}],"predecessor-version":[{"id":4754,"href":"https:\/\/aione.it\/de\/wp-json\/wp\/v2\/pages\/4749\/revisions\/4754"}],"wp:attachment":[{"href":"https:\/\/aione.it\/de\/wp-json\/wp\/v2\/media?parent=4749"}],"curies":[{"name":"wp","href":"https:\/\/api.w.org\/{rel}","templated":true}]}}